{"id":617,"date":"2025-11-30T20:15:08","date_gmt":"2025-11-30T19:15:08","guid":{"rendered":"https:\/\/www.sklepik.szkolasztutowo.pl\/?post_type=product&#038;p=617"},"modified":"2025-12-01T00:43:52","modified_gmt":"2025-11-30T23:43:52","slug":"swieczka-sojowa-w-ksztalcie-sniezynki","status":"publish","type":"product","link":"https:\/\/www.sklepik.szkolasztutowo.pl\/index.php\/produkt\/swieczka-sojowa-w-ksztalcie-sniezynki\/","title":{"rendered":"\u015awieczka \u015bwi\u0105teczna \u015aNIE\u017bYNKA"},"content":{"rendered":"<p data-start=\"51\" data-end=\"388\"><strong data-start=\"51\" data-end=\"112\">\u015awieczka sojowa w kszta\u0142cie \u015bnie\u017cynki \u2013 \u015bwi\u0105teczny zapach<\/strong> to wyj\u0105tkowy dodatek, kt\u00f3ry wprowadza do wn\u0119trza ciep\u0142y, magiczny klimat zimowych dni. Wykonana z naturalnego wosku sojowego, pali si\u0119 r\u00f3wnomiernie i bezpiecznie, uwalniaj\u0105c przyjemny aromat kojarz\u0105cy si\u0119 z zimowymi przyprawami, domowymi wypiekami i rodzinn\u0105 atmosfer\u0105 \u015bwi\u0105t.<\/p>\n<p data-start=\"390\" data-end=\"679\">Dzi\u0119ki uroczemu kszta\u0142towi \u015bnie\u017cynki doskonale sprawdzi si\u0119 jako dekoracja, element \u015bwi\u0105tecznego sto\u0142u czy cz\u0119\u015b\u0107 nastrojowego zestawu prezentowego. To r\u00f3wnie\u017c \u015bwietny, <strong data-start=\"558\" data-end=\"629\">niezobowi\u0105zuj\u0105cy upominek dla s\u0105siad\u00f3w, znajomych oraz kontrahent\u00f3w<\/strong> \u2013 elegancki, pachn\u0105cy i pe\u0142en \u015bwi\u0105tecznego uroku.<\/p>\n<p data-start=\"681\" data-end=\"835\" data-is-last-node=\"\" data-is-only-node=\"\">Naturalna, estetyczna i wykonana z dba\u0142o\u015bci\u0105 o detale \u2013 ta \u015bwieczka to ma\u0142a zimowa pere\u0142ka, kt\u00f3ra wprowadzi do ka\u017cdego wn\u0119trza odrobin\u0119 \u015bwi\u0105tecznej magii.<\/p>\n","protected":false},"excerpt":{"rendered":"<p><strong data-start=\"51\" data-end=\"112\">\u015awieczka sojowa, bia\u0142a \u2013 \u015bwi\u0105teczny zapach<\/strong><\/p>\n","protected":false},"featured_media":618,"comment_status":"closed","ping_status":"closed","template":"","meta":[],"product_brand":[],"product_cat":[31],"product_tag":[33],"class_list":{"0":"post-617","1":"product","2":"type-product","3":"status-publish","4":"has-post-thumbnail","6":"product_cat-pojedyncze-produkty","7":"product_tag-swieczka","9":"first","10":"instock","11":"shipping-taxable","12":"purchasable","13":"product-type-simple"},"jetpack_sharing_enabled":true,"_links":{"self":[{"href":"https:\/\/www.sklepik.szkolasztutowo.pl\/index.php\/wp-json\/wp\/v2\/product\/617","targetHints":{"allow":["GET"]}}],"collection":[{"href":"https:\/\/www.sklepik.szkolasztutowo.pl\/index.php\/wp-json\/wp\/v2\/product"}],"about":[{"href":"https:\/\/www.sklepik.szkolasztutowo.pl\/index.php\/wp-json\/wp\/v2\/types\/product"}],"replies":[{"embeddable":true,"href":"https:\/\/www.sklepik.szkolasztutowo.pl\/index.php\/wp-json\/wp\/v2\/comments?post=617"}],"wp:featuredmedia":[{"embeddable":true,"href":"https:\/\/www.sklepik.szkolasztutowo.pl\/index.php\/wp-json\/wp\/v2\/media\/618"}],"wp:attachment":[{"href":"https:\/\/www.sklepik.szkolasztutowo.pl\/index.php\/wp-json\/wp\/v2\/media?parent=617"}],"wp:term":[{"taxonomy":"product_brand","embeddable":true,"href":"https:\/\/www.sklepik.szkolasztutowo.pl\/index.php\/wp-json\/wp\/v2\/product_brand?post=617"},{"taxonomy":"product_cat","embeddable":true,"href":"https:\/\/www.sklepik.szkolasztutowo.pl\/index.php\/wp-json\/wp\/v2\/product_cat?post=617"},{"taxonomy":"product_tag","embeddable":true,"href":"https:\/\/www.sklepik.szkolasztutowo.pl\/index.php\/wp-json\/wp\/v2\/product_tag?post=617"}],"curies":[{"name":"wp","href":"https:\/\/api.w.org\/{rel}","templated":true}]}}