{"id":612,"date":"2025-11-30T18:19:51","date_gmt":"2025-11-30T17:19:51","guid":{"rendered":"https:\/\/www.sklepik.szkolasztutowo.pl\/?post_type=product&#038;p=612"},"modified":"2025-11-30T19:53:11","modified_gmt":"2025-11-30T18:53:11","slug":"kubek-z-wlasna-duza-grafika","status":"publish","type":"product","link":"https:\/\/www.sklepik.szkolasztutowo.pl\/index.php\/produkt\/kubek-z-wlasna-duza-grafika\/","title":{"rendered":"Kubek z w\u0142asn\u0105, du\u017c\u0105 grafik\u0105"},"content":{"rendered":"<p><strong>Bia\u0142y kubek z du\u017c\u0105 grafik\u0105<\/strong> to idealna propozycja dla os\u00f3b, kt\u00f3re chc\u0105 stworzy\u0107 naprawd\u0119 wyrazisty, spersonalizowany gad\u017cet. Oferujemy kubek z mo\u017cliwo\u015bci\u0105 umieszczenia w\u0142asnej, pe\u0142nowymiarowej grafiki \u2013 zdj\u0119cia, ilustracji, logo lub projektu artystycznego.<br data-start=\"341\" data-end=\"344\" data-is-only-node=\"\" \/>Aby zam\u00f3wi\u0107 personalizacj\u0119, wystarczy przes\u0142a\u0107 swoj\u0105 grafik\u0119 na adres <strong data-start=\"414\" data-end=\"443\">sklepik@szkolasztutowo.pl<\/strong>, a my przygotujemy niepowtarzalny kubek dopasowany do Twojego stylu lub okazji.<br data-start=\"523\" data-end=\"526\" \/>Wyrazisty nadruk sublimacyjny gwarantuje trwa\u0142o\u015b\u0107, intensywne kolory i wysok\u0105 jako\u015b\u0107 wykonania. Stw\u00f3rz kubek, kt\u00f3ry wyr\u00f3\u017cni si\u0119 w\u015br\u00f3d innych!<\/p>\n<p>Wysy\u0142aj\u0105c wiadomo\u015b\u0107 z plikiem graficznym podaj numer zam\u00f3wienia. Czas wykonania 2 dni robocze.<\/p>\n","protected":false},"excerpt":{"rendered":"<p>Bia\u0142y kubek z du\u017c\u0105 personalizowan\u0105 grafik\u0105<\/p>\n","protected":false},"featured_media":614,"comment_status":"closed","ping_status":"closed","template":"","meta":[],"product_brand":[],"product_cat":[28],"product_tag":[34,35],"class_list":{"0":"post-612","1":"product","2":"type-product","3":"status-publish","4":"has-post-thumbnail","6":"product_cat-spersonalizowane-nadruki","7":"product_tag-kubek","8":"product_tag-sublimacja","10":"first","11":"onbackorder","12":"shipping-taxable","13":"purchasable","14":"product-type-simple"},"jetpack_sharing_enabled":true,"_links":{"self":[{"href":"https:\/\/www.sklepik.szkolasztutowo.pl\/index.php\/wp-json\/wp\/v2\/product\/612","targetHints":{"allow":["GET"]}}],"collection":[{"href":"https:\/\/www.sklepik.szkolasztutowo.pl\/index.php\/wp-json\/wp\/v2\/product"}],"about":[{"href":"https:\/\/www.sklepik.szkolasztutowo.pl\/index.php\/wp-json\/wp\/v2\/types\/product"}],"replies":[{"embeddable":true,"href":"https:\/\/www.sklepik.szkolasztutowo.pl\/index.php\/wp-json\/wp\/v2\/comments?post=612"}],"wp:featuredmedia":[{"embeddable":true,"href":"https:\/\/www.sklepik.szkolasztutowo.pl\/index.php\/wp-json\/wp\/v2\/media\/614"}],"wp:attachment":[{"href":"https:\/\/www.sklepik.szkolasztutowo.pl\/index.php\/wp-json\/wp\/v2\/media?parent=612"}],"wp:term":[{"taxonomy":"product_brand","embeddable":true,"href":"https:\/\/www.sklepik.szkolasztutowo.pl\/index.php\/wp-json\/wp\/v2\/product_brand?post=612"},{"taxonomy":"product_cat","embeddable":true,"href":"https:\/\/www.sklepik.szkolasztutowo.pl\/index.php\/wp-json\/wp\/v2\/product_cat?post=612"},{"taxonomy":"product_tag","embeddable":true,"href":"https:\/\/www.sklepik.szkolasztutowo.pl\/index.php\/wp-json\/wp\/v2\/product_tag?post=612"}],"curies":[{"name":"wp","href":"https:\/\/api.w.org\/{rel}","templated":true}]}}