{"id":604,"date":"2025-11-30T16:37:37","date_gmt":"2025-11-30T15:37:37","guid":{"rendered":"https:\/\/www.sklepik.szkolasztutowo.pl\/?post_type=product&#038;p=604"},"modified":"2025-11-30T18:21:47","modified_gmt":"2025-11-30T17:21:47","slug":"kubek-z-wlasnym-logo-lub-mniejsza-grafika","status":"publish","type":"product","link":"https:\/\/www.sklepik.szkolasztutowo.pl\/index.php\/produkt\/kubek-z-wlasnym-logo-lub-mniejsza-grafika\/","title":{"rendered":"Kubek z w\u0142asnym logo lub mniejsz\u0105 grafik\u0105"},"content":{"rendered":"<p><strong>Bia\u0142y kubek z personalizowanym nadrukiem<\/strong> to idealny spos\u00f3b, aby wyrazi\u0107 sw\u00f3j styl lub wyr\u00f3\u017cni\u0107 swoj\u0105 mark\u0119.<\/p>\n<p>Oferujemy kubek, na kt\u00f3rym mo\u017cesz zam\u00f3wi\u0107 sublimacj\u0119 z w\u0142asnym logo, ma\u0142\u0105 grafik\u0105, zdj\u0119ciem czy has\u0142em. Dzi\u0119ki wysokiej jako\u015bci pow\u0142oce do sublimacji nadruk jest trwa\u0142y, wyra\u017any i odporny na codzienne u\u017cytkowanie.<br data-start=\"486\" data-end=\"489\" data-is-only-node=\"\" \/>To doskona\u0142y wyb\u00f3r dla firm, szk\u00f3\u0142, organizacji oraz os\u00f3b, kt\u00f3re chc\u0105 stworzy\u0107 wyj\u0105tkowy, spersonalizowany gad\u017cet reklamowy.<\/p>\n<p>Zamie\u0144 zwyk\u0142y kubek w co\u015b, co naprawd\u0119 odzwierciedla Tw\u00f3j charakter!<\/p>\n<p>Aby zam\u00f3wi\u0107 personalizacj\u0119, wystarczy przes\u0142a\u0107 swoj\u0105 grafik\u0119 na adres <strong data-start=\"414\" data-end=\"443\">sklepik@szkolasztutowo.pl<\/strong>, a my przygotujemy niepowtarzalny kubek dopasowany do Twojego stylu lub okazji.<\/p>\n<p>Wysy\u0142aj\u0105c wiadomo\u015b\u0107 z plikiem graficznym podaj numer zam\u00f3wienia. Czas wykonania 2 dni robocze.<\/p>\n<p>&nbsp;<\/p>\n","protected":false},"excerpt":{"rendered":"<p>Bia\u0142y kubek z personalizowanym, ma\u0142ym nadrukiem.<\/p>\n","protected":false},"featured_media":607,"comment_status":"closed","ping_status":"closed","template":"","meta":[],"product_brand":[],"product_cat":[28],"product_tag":[34,35],"class_list":{"0":"post-604","1":"product","2":"type-product","3":"status-publish","4":"has-post-thumbnail","6":"product_cat-spersonalizowane-nadruki","7":"product_tag-kubek","8":"product_tag-sublimacja","10":"first","11":"onbackorder","12":"shipping-taxable","13":"purchasable","14":"product-type-simple"},"jetpack_sharing_enabled":true,"_links":{"self":[{"href":"https:\/\/www.sklepik.szkolasztutowo.pl\/index.php\/wp-json\/wp\/v2\/product\/604","targetHints":{"allow":["GET"]}}],"collection":[{"href":"https:\/\/www.sklepik.szkolasztutowo.pl\/index.php\/wp-json\/wp\/v2\/product"}],"about":[{"href":"https:\/\/www.sklepik.szkolasztutowo.pl\/index.php\/wp-json\/wp\/v2\/types\/product"}],"replies":[{"embeddable":true,"href":"https:\/\/www.sklepik.szkolasztutowo.pl\/index.php\/wp-json\/wp\/v2\/comments?post=604"}],"wp:featuredmedia":[{"embeddable":true,"href":"https:\/\/www.sklepik.szkolasztutowo.pl\/index.php\/wp-json\/wp\/v2\/media\/607"}],"wp:attachment":[{"href":"https:\/\/www.sklepik.szkolasztutowo.pl\/index.php\/wp-json\/wp\/v2\/media?parent=604"}],"wp:term":[{"taxonomy":"product_brand","embeddable":true,"href":"https:\/\/www.sklepik.szkolasztutowo.pl\/index.php\/wp-json\/wp\/v2\/product_brand?post=604"},{"taxonomy":"product_cat","embeddable":true,"href":"https:\/\/www.sklepik.szkolasztutowo.pl\/index.php\/wp-json\/wp\/v2\/product_cat?post=604"},{"taxonomy":"product_tag","embeddable":true,"href":"https:\/\/www.sklepik.szkolasztutowo.pl\/index.php\/wp-json\/wp\/v2\/product_tag?post=604"}],"curies":[{"name":"wp","href":"https:\/\/api.w.org\/{rel}","templated":true}]}}