{"id":596,"date":"2025-11-26T19:30:42","date_gmt":"2025-11-26T18:30:42","guid":{"rendered":"https:\/\/www.sklepik.szkolasztutowo.pl\/?page_id=596"},"modified":"2025-12-01T00:50:38","modified_gmt":"2025-11-30T23:50:38","slug":"szkolne-przydasie","status":"publish","type":"page","link":"https:\/\/www.sklepik.szkolasztutowo.pl\/index.php\/szkolne-przydasie\/","title":{"rendered":"Szkolne przydasie"},"content":{"rendered":"\n<p><strong>Szkolne przydasie<\/strong> to praktyczna kolekcja produkt\u00f3w, kt\u00f3re u\u0142atwiaj\u0105 codzienn\u0105 nauk\u0119 i organizacj\u0119 szkolnych obowi\u0105zk\u00f3w. Znajdziesz tu niezb\u0119dne akcesoria i gad\u017cety przydatne zar\u00f3wno uczniom, jak i nauczycielom. Funkcjonalne, estetyczne i wygodne w u\u017cytkowaniu \u2013 nasze szkolne przydasie wspieraj\u0105 edukacj\u0119 na ka\u017cdym etapie i pomagaj\u0105 lepiej zorganizowa\u0107 szkoln\u0105 codzienno\u015b\u0107. Odkryj wyposa\u017cenie, kt\u00f3re usprawnia prac\u0119 i nauk\u0119 ka\u017cdego dnia.<\/p>\n\n\n\n<p>Produkty z tej kategorii pojawia si\u0119 w p\u00f3\u017aniejszym czasie. Ci\u0119gle rozwijamy nasza firm\u0119. <\/p>\n","protected":false},"excerpt":{"rendered":"<p>Szkolne przydasie to praktyczna kolekcja produkt\u00f3w, kt\u00f3re u\u0142atwiaj\u0105 codzienn\u0105 nauk\u0119 i organizacj\u0119 szkolnych obowi\u0105zk\u00f3w. Znajdziesz tu niezb\u0119dne akcesoria i gad\u017cety przydatne zar\u00f3wno uczniom, jak i nauczycielom. Funkcjonalne, estetyczne i wygodne [&hellip;]<\/p>\n","protected":false},"author":1,"featured_media":0,"parent":0,"menu_order":0,"comment_status":"closed","ping_status":"closed","template":"","meta":{"footnotes":""},"class_list":["post-596","page","type-page","status-publish","hentry"],"jetpack_sharing_enabled":true,"_links":{"self":[{"href":"https:\/\/www.sklepik.szkolasztutowo.pl\/index.php\/wp-json\/wp\/v2\/pages\/596","targetHints":{"allow":["GET"]}}],"collection":[{"href":"https:\/\/www.sklepik.szkolasztutowo.pl\/index.php\/wp-json\/wp\/v2\/pages"}],"about":[{"href":"https:\/\/www.sklepik.szkolasztutowo.pl\/index.php\/wp-json\/wp\/v2\/types\/page"}],"author":[{"embeddable":true,"href":"https:\/\/www.sklepik.szkolasztutowo.pl\/index.php\/wp-json\/wp\/v2\/users\/1"}],"replies":[{"embeddable":true,"href":"https:\/\/www.sklepik.szkolasztutowo.pl\/index.php\/wp-json\/wp\/v2\/comments?post=596"}],"version-history":[{"count":2,"href":"https:\/\/www.sklepik.szkolasztutowo.pl\/index.php\/wp-json\/wp\/v2\/pages\/596\/revisions"}],"predecessor-version":[{"id":648,"href":"https:\/\/www.sklepik.szkolasztutowo.pl\/index.php\/wp-json\/wp\/v2\/pages\/596\/revisions\/648"}],"wp:attachment":[{"href":"https:\/\/www.sklepik.szkolasztutowo.pl\/index.php\/wp-json\/wp\/v2\/media?parent=596"}],"curies":[{"name":"wp","href":"https:\/\/api.w.org\/{rel}","templated":true}]}}