{"id":593,"date":"2025-11-26T19:26:25","date_gmt":"2025-11-26T18:26:25","guid":{"rendered":"https:\/\/www.sklepik.szkolasztutowo.pl\/?page_id=593"},"modified":"2025-11-30T21:00:29","modified_gmt":"2025-11-30T20:00:29","slug":"upominki","status":"publish","type":"page","link":"https:\/\/www.sklepik.szkolasztutowo.pl\/index.php\/upominki\/","title":{"rendered":"Upominki"},"content":{"rendered":"\n<p><strong>Upominki<\/strong> to kolekcja pe\u0142na drobnych, ale wyj\u0105tkowych produkt\u00f3w tworzonych przez nasz\u0105 sp\u00f3\u0142dzielni\u0119 uczniowsk\u0105. Znajdziesz tu pojedyncze artyku\u0142y wyj\u0119te z popularnych zestaw\u00f3w <strong>Okoliczno\u015bciowe pere\u0142ki<\/strong>, a tak\u017ce inne kreatywne drobiazgi idealne na prezent. Ka\u017cdy produkt powstaje z zaanga\u017cowaniem i dba\u0142o\u015bci\u0105 o detale, dzi\u0119ki czemu mo\u017cesz podarowa\u0107 co\u015b oryginalnego, r\u0119cznie wykonanego i pe\u0142nego charakteru. Odkryj ma\u0142e rzeczy, kt\u00f3re wywo\u0142uj\u0105 wielk\u0105 rado\u015b\u0107.<\/p>\n\n\n\n<div data-block-name=\"woocommerce\/single-product\" data-product-id=\"564\" data-wp-context=\"{&quot;productId&quot;:564,&quot;variationId&quot;:null}\" data-wp-interactive=\"woocommerce\/single-product\" class=\"wp-block-woocommerce-single-product woocommerce\">\n<div class=\"wp-block-columns is-layout-flex wp-container-core-columns-is-layout-28f84493 wp-block-columns-is-layout-flex\">\n<div class=\"wp-block-column is-layout-flow wp-block-column-is-layout-flow\"><div data-block-name=\"woocommerce\/product-image\" data-is-descendent-of-single-product-block=\"true\" data-show-sale-badge=\"false\" class=\"wc-block-components-product-image wc-block-grid__product-image wc-block-components-product-image--aspect-ratio-auto wp-block-woocommerce-product-image\"><a href=\"https:\/\/www.sklepik.szkolasztutowo.pl\/index.php\/produkt\/swieczka-swiateczna-renifer\/\" style=\"\" data-wp-on--click=\"woocommerce\/product-collection::actions.viewProduct\"><img loading=\"lazy\" decoding=\"async\" width=\"800\" height=\"535\" src=\"https:\/\/www.sklepik.szkolasztutowo.pl\/wp-content\/uploads\/2025\/11\/swieczkarenifer-800x535.png\" class=\"attachment-woocommerce_single size-woocommerce_single\" alt=\"\u015awieczka \u015bwi\u0105teczna RENIFER\" data-testid=\"product-image\" data-image-id=\"608\" style=\"object-fit:cover;\" srcset=\"https:\/\/www.sklepik.szkolasztutowo.pl\/wp-content\/uploads\/2025\/11\/swieczkarenifer-800x535.png 800w, https:\/\/www.sklepik.szkolasztutowo.pl\/wp-content\/uploads\/2025\/11\/swieczkarenifer-300x201.png 300w, https:\/\/www.sklepik.szkolasztutowo.pl\/wp-content\/uploads\/2025\/11\/swieczkarenifer-1024x685.png 1024w, https:\/\/www.sklepik.szkolasztutowo.pl\/wp-content\/uploads\/2025\/11\/swieczkarenifer-768x514.png 768w, https:\/\/www.sklepik.szkolasztutowo.pl\/wp-content\/uploads\/2025\/11\/swieczkarenifer-1536x1027.png 1536w, https:\/\/www.sklepik.szkolasztutowo.pl\/wp-content\/uploads\/2025\/11\/swieczkarenifer-2048x1369.png 2048w, https:\/\/www.sklepik.szkolasztutowo.pl\/wp-content\/uploads\/2025\/11\/swieczkarenifer-1140x762.png 1140w, https:\/\/www.sklepik.szkolasztutowo.pl\/wp-content\/uploads\/2025\/11\/swieczkarenifer-920x615.png 920w, https:\/\/www.sklepik.szkolasztutowo.pl\/wp-content\/uploads\/2025\/11\/swieczkarenifer-575x384.png 575w, https:\/\/www.sklepik.szkolasztutowo.pl\/wp-content\/uploads\/2025\/11\/swieczkarenifer-380x254.png 380w, https:\/\/www.sklepik.szkolasztutowo.pl\/wp-content\/uploads\/2025\/11\/swieczkarenifer-420x281.png 420w, https:\/\/www.sklepik.szkolasztutowo.pl\/wp-content\/uploads\/2025\/11\/swieczkarenifer-80x53.png 80w\" sizes=\"auto, (max-width: 800px) 100vw, 800px\" \/><div class=\"wc-block-components-product-image__inner-container\">\n\n<\/div><\/a><\/div><\/div>\n\n\n\n<div class=\"wp-block-column is-layout-flow wp-block-column-is-layout-flow\"><h2 class=\"wp-block-post-title\"><a href=\"https:\/\/www.sklepik.szkolasztutowo.pl\/index.php\/produkt\/swieczka-swiateczna-renifer\/\" target=\"_self\" >\u015awieczka \u015bwi\u0105teczna RENIFER<\/a><\/h2>\n\n\n\n<div data-block-name=\"woocommerce\/product-price\" data-is-descendent-of-single-product-block=\"true\" class=\"wp-block-woocommerce-product-price\" ><div class=\"wc-block-components-product-price wc-block-grid__product-price  \" style=\"\" >\n\t\t\t\t\t<span class=\"woocommerce-Price-amount amount\"><bdi>10,00&nbsp;<span class=\"woocommerce-Price-currencySymbol\">&#122;&#322;<\/span><\/bdi><\/span>\n\t\t\t\t<\/div><\/div>\n\n<div data-block-name=\"woocommerce\/product-summary\" data-is-descendent-of-single-product-block=\"true\" class=\"wp-block-woocommerce-product-summary\"><div class=\"wc-block-components-product-summary \" style=\"\">\n\t\t\t\t<p>\u015awieczka dekoracyjna zosta\u0142a wykonana z wysokiej jako\u015bci wosku sojowego, kolor bia\u0142y, zapach \u015bwi\u0105teczny.<\/p>\n\n\t\t\t<\/div><\/div>\n\n<div data-block-name=\"woocommerce\/add-to-cart-form\" class=\"wp-block-add-to-cart-form wc-block-add-to-cart-form wc-block-add-to-cart-form--input wp-block-woocommerce-add-to-cart-form\" ><p class=\"stock in-stock\">2 w magazynie<\/p>\n\n\t\n\t<form class=\"cart\" action=\"https:\/\/www.sklepik.szkolasztutowo.pl\/index.php\/produkt\/swieczka-swiateczna-renifer\/\" method=\"post\" enctype='multipart\/form-data'>\n\t\t\n\t\t<div class=\"quantity\">\n\t<a href=\"#\" class=\"botiga-quantity-minus\" title=\"Zmniejsz ilo\u015b\u0107\" role=\"button\">&#8211;<span class=\"bt-d-none\">Zmniejsz ilo\u015b\u0107 produktu.<\/span><\/a>\t<label class=\"screen-reader-text\" for=\"quantity_69e20f7813028\">ilo\u015b\u0107 \u015awieczka \u015bwi\u0105teczna RENIFER<\/label>\n\t<input\n\t\ttype=\"number\"\n\t\t\t\tid=\"quantity_69e20f7813028\"\n\t\tclass=\"input-text qty text\"\n\t\tname=\"quantity\"\n\t\tvalue=\"1\"\n\t\taria-label=\"Ilo\u015b\u0107 produktu\"\n\t\t\t\tmin=\"1\"\n\t\t\t\t\tmax=\"2\"\n\t\t\t\t\t\t\tstep=\"1\"\n\t\t\tplaceholder=\"\"\n\t\t\tinputmode=\"numeric\"\n\t\t\tautocomplete=\"off\"\n\t\t\t\/>\n\t<a href=\"#\" class=\"botiga-quantity-plus\" title=\"Zwi\u0119ksz ilo\u015b\u0107\" role=\"button\">+<span class=\"bt-d-none\">Zwi\u0119ksz ilo\u015b\u0107 produktu.<\/span><\/a><\/div>\n\n\t\t<button type=\"submit\" name=\"add-to-cart\" value=\"564\" class=\"single_add_to_cart_button button alt\">Dodaj do koszyka<\/button>\n\n\t\t\t<\/form>\n\n\t\n<\/div>\n\n\n<div data-block-name=\"woocommerce\/product-meta\" class=\"wp-block-woocommerce-product-meta\">\n<div class=\"wp-block-group is-nowrap is-layout-flex wp-container-core-group-is-layout-6c531013 wp-block-group-is-layout-flex\">\n\n<div class=\"taxonomy-product_cat wp-block-post-terms\"><span class=\"wp-block-post-terms__prefix\">Kategoria: <\/span><a href=\"https:\/\/www.sklepik.szkolasztutowo.pl\/index.php\/kategoria-produktu\/perlki\/\" rel=\"tag\">Okoliczno\u015bciowe pere\u0142ki<\/a><span class=\"wp-block-post-terms__separator\">, <\/span><a href=\"https:\/\/www.sklepik.szkolasztutowo.pl\/index.php\/kategoria-produktu\/pojedyncze-produkty\/\" rel=\"tag\">Upominki<\/a><\/div>\n\n<div class=\"taxonomy-product_tag wp-block-post-terms\"><span class=\"wp-block-post-terms__prefix\">Znaczniki: <\/span><a href=\"https:\/\/www.sklepik.szkolasztutowo.pl\/index.php\/znacznik-produktu\/swieczka\/\" rel=\"tag\">\u015bwieczka<\/a><\/div><\/div>\n<\/div>\n<\/div>\n<\/div>\n<\/div>\n\n\n\n<div data-block-name=\"woocommerce\/single-product\" data-product-id=\"617\" data-wp-context=\"{&quot;productId&quot;:617,&quot;variationId&quot;:null}\" data-wp-interactive=\"woocommerce\/single-product\" class=\"wp-block-woocommerce-single-product woocommerce\">\n<div class=\"wp-block-columns is-layout-flex wp-container-core-columns-is-layout-28f84493 wp-block-columns-is-layout-flex\">\n<div class=\"wp-block-column is-layout-flow wp-block-column-is-layout-flow\"><div data-block-name=\"woocommerce\/product-image\" data-is-descendent-of-single-product-block=\"true\" data-show-sale-badge=\"false\" class=\"wc-block-components-product-image wc-block-grid__product-image wc-block-components-product-image--aspect-ratio-auto wp-block-woocommerce-product-image\"><a href=\"https:\/\/www.sklepik.szkolasztutowo.pl\/index.php\/produkt\/swieczka-sojowa-w-ksztalcie-sniezynki\/\" style=\"\" data-wp-on--click=\"woocommerce\/product-collection::actions.viewProduct\"><img loading=\"lazy\" decoding=\"async\" width=\"800\" height=\"535\" src=\"https:\/\/www.sklepik.szkolasztutowo.pl\/wp-content\/uploads\/2025\/11\/swieczkagwiazda-800x535.png\" class=\"attachment-woocommerce_single size-woocommerce_single\" alt=\"\u015bwieczka \u015bnie\u017cynka\" data-testid=\"product-image\" data-image-id=\"618\" style=\"object-fit:cover;\" srcset=\"https:\/\/www.sklepik.szkolasztutowo.pl\/wp-content\/uploads\/2025\/11\/swieczkagwiazda-800x535.png 800w, https:\/\/www.sklepik.szkolasztutowo.pl\/wp-content\/uploads\/2025\/11\/swieczkagwiazda-300x201.png 300w, https:\/\/www.sklepik.szkolasztutowo.pl\/wp-content\/uploads\/2025\/11\/swieczkagwiazda-1024x685.png 1024w, https:\/\/www.sklepik.szkolasztutowo.pl\/wp-content\/uploads\/2025\/11\/swieczkagwiazda-768x513.png 768w, https:\/\/www.sklepik.szkolasztutowo.pl\/wp-content\/uploads\/2025\/11\/swieczkagwiazda-1536x1027.png 1536w, https:\/\/www.sklepik.szkolasztutowo.pl\/wp-content\/uploads\/2025\/11\/swieczkagwiazda-2048x1369.png 2048w, https:\/\/www.sklepik.szkolasztutowo.pl\/wp-content\/uploads\/2025\/11\/swieczkagwiazda-1140x762.png 1140w, https:\/\/www.sklepik.szkolasztutowo.pl\/wp-content\/uploads\/2025\/11\/swieczkagwiazda-920x615.png 920w, https:\/\/www.sklepik.szkolasztutowo.pl\/wp-content\/uploads\/2025\/11\/swieczkagwiazda-575x384.png 575w, https:\/\/www.sklepik.szkolasztutowo.pl\/wp-content\/uploads\/2025\/11\/swieczkagwiazda-380x254.png 380w, https:\/\/www.sklepik.szkolasztutowo.pl\/wp-content\/uploads\/2025\/11\/swieczkagwiazda-420x281.png 420w, https:\/\/www.sklepik.szkolasztutowo.pl\/wp-content\/uploads\/2025\/11\/swieczkagwiazda-80x53.png 80w\" sizes=\"auto, (max-width: 800px) 100vw, 800px\" \/><div class=\"wc-block-components-product-image__inner-container\">\n\n<\/div><\/a><\/div><\/div>\n\n\n\n<div class=\"wp-block-column is-layout-flow wp-block-column-is-layout-flow\"><h2 class=\"wp-block-post-title\"><a href=\"https:\/\/www.sklepik.szkolasztutowo.pl\/index.php\/produkt\/swieczka-sojowa-w-ksztalcie-sniezynki\/\" target=\"_self\" >\u015awieczka \u015bwi\u0105teczna \u015aNIE\u017bYNKA<\/a><\/h2>\n\n\n\n<div data-block-name=\"woocommerce\/product-price\" data-is-descendent-of-single-product-block=\"true\" class=\"wp-block-woocommerce-product-price\" ><div class=\"wc-block-components-product-price wc-block-grid__product-price  \" style=\"\" >\n\t\t\t\t\t<span class=\"woocommerce-Price-amount amount\"><bdi>8,00&nbsp;<span class=\"woocommerce-Price-currencySymbol\">&#122;&#322;<\/span><\/bdi><\/span>\n\t\t\t\t<\/div><\/div>\n\n<div data-block-name=\"woocommerce\/product-summary\" data-is-descendent-of-single-product-block=\"true\" class=\"wp-block-woocommerce-product-summary\"><div class=\"wc-block-components-product-summary \" style=\"\">\n\t\t\t\t<p><strong data-start=\"51\" data-end=\"112\">\u015awieczka sojowa, bia\u0142a \u2013 \u015bwi\u0105teczny zapach<\/strong><\/p>\n\n\t\t\t<\/div><\/div>\n\n<div data-block-name=\"woocommerce\/add-to-cart-form\" class=\"wp-block-add-to-cart-form wc-block-add-to-cart-form wc-block-add-to-cart-form--input wp-block-woocommerce-add-to-cart-form\" ><p class=\"stock in-stock\">2 w magazynie<\/p>\n\n\t\n\t<form class=\"cart\" action=\"https:\/\/www.sklepik.szkolasztutowo.pl\/index.php\/produkt\/swieczka-sojowa-w-ksztalcie-sniezynki\/\" method=\"post\" enctype='multipart\/form-data'>\n\t\t\n\t\t<div class=\"quantity\">\n\t<a href=\"#\" class=\"botiga-quantity-minus\" title=\"Zmniejsz ilo\u015b\u0107\" role=\"button\">&#8211;<span class=\"bt-d-none\">Zmniejsz ilo\u015b\u0107 produktu.<\/span><\/a>\t<label class=\"screen-reader-text\" for=\"quantity_69e20f781495e\">ilo\u015b\u0107 \u015awieczka \u015bwi\u0105teczna \u015aNIE\u017bYNKA<\/label>\n\t<input\n\t\ttype=\"number\"\n\t\t\t\tid=\"quantity_69e20f781495e\"\n\t\tclass=\"input-text qty text\"\n\t\tname=\"quantity\"\n\t\tvalue=\"1\"\n\t\taria-label=\"Ilo\u015b\u0107 produktu\"\n\t\t\t\tmin=\"1\"\n\t\t\t\t\tmax=\"2\"\n\t\t\t\t\t\t\tstep=\"1\"\n\t\t\tplaceholder=\"\"\n\t\t\tinputmode=\"numeric\"\n\t\t\tautocomplete=\"off\"\n\t\t\t\/>\n\t<a href=\"#\" class=\"botiga-quantity-plus\" title=\"Zwi\u0119ksz ilo\u015b\u0107\" role=\"button\">+<span class=\"bt-d-none\">Zwi\u0119ksz ilo\u015b\u0107 produktu.<\/span><\/a><\/div>\n\n\t\t<button type=\"submit\" name=\"add-to-cart\" value=\"617\" class=\"single_add_to_cart_button button alt\">Dodaj do koszyka<\/button>\n\n\t\t\t<\/form>\n\n\t\n<\/div>\n\n\n<div data-block-name=\"woocommerce\/product-meta\" class=\"wp-block-woocommerce-product-meta\">\n<div class=\"wp-block-group is-nowrap is-layout-flex wp-container-core-group-is-layout-6c531013 wp-block-group-is-layout-flex\">\n\n<div class=\"taxonomy-product_cat wp-block-post-terms\"><span class=\"wp-block-post-terms__prefix\">Kategoria: <\/span><a href=\"https:\/\/www.sklepik.szkolasztutowo.pl\/index.php\/kategoria-produktu\/pojedyncze-produkty\/\" rel=\"tag\">Upominki<\/a><\/div>\n\n<div class=\"taxonomy-product_tag wp-block-post-terms\"><span class=\"wp-block-post-terms__prefix\">Znaczniki: <\/span><a href=\"https:\/\/www.sklepik.szkolasztutowo.pl\/index.php\/znacznik-produktu\/swieczka\/\" rel=\"tag\">\u015bwieczka<\/a><\/div><\/div>\n<\/div>\n<\/div>\n<\/div>\n<\/div>\n","protected":false},"excerpt":{"rendered":"<p>Upominki to kolekcja pe\u0142na drobnych, ale wyj\u0105tkowych produkt\u00f3w tworzonych przez nasz\u0105 sp\u00f3\u0142dzielni\u0119 uczniowsk\u0105. Znajdziesz tu pojedyncze artyku\u0142y wyj\u0119te z popularnych zestaw\u00f3w Okoliczno\u015bciowe pere\u0142ki, a tak\u017ce inne kreatywne drobiazgi idealne na [&hellip;]<\/p>\n","protected":false},"author":1,"featured_media":0,"parent":0,"menu_order":0,"comment_status":"closed","ping_status":"closed","template":"","meta":{"footnotes":""},"class_list":["post-593","page","type-page","status-publish","hentry"],"jetpack_sharing_enabled":true,"_links":{"self":[{"href":"https:\/\/www.sklepik.szkolasztutowo.pl\/index.php\/wp-json\/wp\/v2\/pages\/593","targetHints":{"allow":["GET"]}}],"collection":[{"href":"https:\/\/www.sklepik.szkolasztutowo.pl\/index.php\/wp-json\/wp\/v2\/pages"}],"about":[{"href":"https:\/\/www.sklepik.szkolasztutowo.pl\/index.php\/wp-json\/wp\/v2\/types\/page"}],"author":[{"embeddable":true,"href":"https:\/\/www.sklepik.szkolasztutowo.pl\/index.php\/wp-json\/wp\/v2\/users\/1"}],"replies":[{"embeddable":true,"href":"https:\/\/www.sklepik.szkolasztutowo.pl\/index.php\/wp-json\/wp\/v2\/comments?post=593"}],"version-history":[{"count":4,"href":"https:\/\/www.sklepik.szkolasztutowo.pl\/index.php\/wp-json\/wp\/v2\/pages\/593\/revisions"}],"predecessor-version":[{"id":620,"href":"https:\/\/www.sklepik.szkolasztutowo.pl\/index.php\/wp-json\/wp\/v2\/pages\/593\/revisions\/620"}],"wp:attachment":[{"href":"https:\/\/www.sklepik.szkolasztutowo.pl\/index.php\/wp-json\/wp\/v2\/media?parent=593"}],"curies":[{"name":"wp","href":"https:\/\/api.w.org\/{rel}","templated":true}]}}