{"id":587,"date":"2025-11-26T19:05:37","date_gmt":"2025-11-26T18:05:37","guid":{"rendered":"https:\/\/www.sklepik.szkolasztutowo.pl\/?page_id=587"},"modified":"2025-11-30T19:45:36","modified_gmt":"2025-11-30T18:45:36","slug":"w-twoim-charakterze","status":"publish","type":"page","link":"https:\/\/www.sklepik.szkolasztutowo.pl\/index.php\/w-twoim-charakterze\/","title":{"rendered":"W Twoim charakterze"},"content":{"rendered":"\n<p><strong>W Twoim Charakterze<\/strong> to kategoria stworzona z my\u015bl\u0105 o tych, kt\u00f3rzy chc\u0105 podkre\u015bli\u0107 swoj\u0105 indywidualno\u015b\u0107. Oferujemy personalizowane produkty \u2013 od kubk\u00f3w pod sublimacj\u0119 z w\u0142asnym logo czy zdj\u0119ciem, po koszulki, torby i naprasowanki wykonywane wed\u0142ug projektu klienta. Dzi\u0119ki nowoczesnej technologii sublimacji tworzymy trwa\u0142e, wyraziste nadruki, kt\u00f3re idealnie odzwierciedlaj\u0105 Tw\u00f3j styl. Wybierz produkt, dodaj sw\u00f3j pomys\u0142 i stw\u00f3rz co\u015b absolutnie unikatowego.<\/p>\n\n\n\n<div data-block-name=\"woocommerce\/single-product\" data-product-id=\"604\" data-wp-context=\"{&quot;productId&quot;:604,&quot;variationId&quot;:null}\" data-wp-interactive=\"woocommerce\/single-product\" class=\"wp-block-woocommerce-single-product woocommerce\">\n<div class=\"wp-block-columns is-layout-flex wp-container-core-columns-is-layout-28f84493 wp-block-columns-is-layout-flex\">\n<div class=\"wp-block-column is-layout-flow wp-block-column-is-layout-flow\"><div data-block-name=\"woocommerce\/product-image\" data-is-descendent-of-single-product-block=\"true\" data-show-sale-badge=\"false\" class=\"wc-block-components-product-image wc-block-grid__product-image wc-block-components-product-image--aspect-ratio-auto wp-block-woocommerce-product-image\"><a href=\"https:\/\/www.sklepik.szkolasztutowo.pl\/index.php\/produkt\/kubek-z-wlasnym-logo-lub-mniejsza-grafika\/\" style=\"\" data-wp-on--click=\"woocommerce\/product-collection::actions.viewProduct\"><img loading=\"lazy\" decoding=\"async\" width=\"800\" height=\"535\" src=\"https:\/\/www.sklepik.szkolasztutowo.pl\/wp-content\/uploads\/2025\/11\/kubek-e1764520907739-800x535.png\" class=\"attachment-woocommerce_single size-woocommerce_single\" alt=\"Kubek z w\u0142asnym logo lub mniejsz\u0105 grafik\u0105\" data-testid=\"product-image\" data-image-id=\"607\" style=\"object-fit:cover;\" srcset=\"https:\/\/www.sklepik.szkolasztutowo.pl\/wp-content\/uploads\/2025\/11\/kubek-e1764520907739-800x535.png 800w, https:\/\/www.sklepik.szkolasztutowo.pl\/wp-content\/uploads\/2025\/11\/kubek-e1764520907739-300x201.png 300w, https:\/\/www.sklepik.szkolasztutowo.pl\/wp-content\/uploads\/2025\/11\/kubek-e1764520907739-1024x685.png 1024w, https:\/\/www.sklepik.szkolasztutowo.pl\/wp-content\/uploads\/2025\/11\/kubek-e1764520907739-768x513.png 768w, https:\/\/www.sklepik.szkolasztutowo.pl\/wp-content\/uploads\/2025\/11\/kubek-e1764520907739-1536x1027.png 1536w, https:\/\/www.sklepik.szkolasztutowo.pl\/wp-content\/uploads\/2025\/11\/kubek-e1764520907739-2048x1369.png 2048w, https:\/\/www.sklepik.szkolasztutowo.pl\/wp-content\/uploads\/2025\/11\/kubek-e1764520907739-1140x762.png 1140w, https:\/\/www.sklepik.szkolasztutowo.pl\/wp-content\/uploads\/2025\/11\/kubek-e1764520907739-920x615.png 920w, https:\/\/www.sklepik.szkolasztutowo.pl\/wp-content\/uploads\/2025\/11\/kubek-e1764520907739-575x384.png 575w, https:\/\/www.sklepik.szkolasztutowo.pl\/wp-content\/uploads\/2025\/11\/kubek-e1764520907739-380x254.png 380w, https:\/\/www.sklepik.szkolasztutowo.pl\/wp-content\/uploads\/2025\/11\/kubek-e1764520907739-420x281.png 420w, https:\/\/www.sklepik.szkolasztutowo.pl\/wp-content\/uploads\/2025\/11\/kubek-e1764520907739-80x53.png 80w\" sizes=\"auto, (max-width: 800px) 100vw, 800px\" \/><div class=\"wc-block-components-product-image__inner-container\">\n\n<\/div><\/a><\/div><\/div>\n\n\n\n<div class=\"wp-block-column is-layout-flow wp-block-column-is-layout-flow\"><h2 class=\"wp-block-post-title\"><a href=\"https:\/\/www.sklepik.szkolasztutowo.pl\/index.php\/produkt\/kubek-z-wlasnym-logo-lub-mniejsza-grafika\/\" target=\"_self\" >Kubek z w\u0142asnym logo lub mniejsz\u0105 grafik\u0105<\/a><\/h2>\n\n\n\n<div data-block-name=\"woocommerce\/product-price\" data-is-descendent-of-single-product-block=\"true\" class=\"wp-block-woocommerce-product-price\" ><div class=\"wc-block-components-product-price wc-block-grid__product-price  \" style=\"\" >\n\t\t\t\t\t<span class=\"woocommerce-Price-amount amount\"><bdi>10,00&nbsp;<span class=\"woocommerce-Price-currencySymbol\">&#122;&#322;<\/span><\/bdi><\/span>\n\t\t\t\t<\/div><\/div>\n\n<div data-block-name=\"woocommerce\/product-summary\" data-is-descendent-of-single-product-block=\"true\" class=\"wp-block-woocommerce-product-summary\"><div class=\"wc-block-components-product-summary \" style=\"\">\n\t\t\t\t<p>Bia\u0142y kubek z personalizowanym, ma\u0142ym nadrukiem.<\/p>\n\n\t\t\t<\/div><\/div>\n\n<div data-block-name=\"woocommerce\/add-to-cart-form\" class=\"wp-block-add-to-cart-form wc-block-add-to-cart-form wc-block-add-to-cart-form--input wp-block-woocommerce-add-to-cart-form\" ><p class=\"stock available-on-backorder\">Produkt dost\u0119pny na zam\u00f3wienie<\/p>\n\n\t\n\t<form class=\"cart\" action=\"https:\/\/www.sklepik.szkolasztutowo.pl\/index.php\/produkt\/kubek-z-wlasnym-logo-lub-mniejsza-grafika\/\" method=\"post\" enctype='multipart\/form-data'>\n\t\t\n\t\t<div class=\"quantity\">\n\t<a href=\"#\" class=\"botiga-quantity-minus\" title=\"Zmniejsz ilo\u015b\u0107\" role=\"button\">&#8211;<span class=\"bt-d-none\">Zmniejsz ilo\u015b\u0107 produktu.<\/span><\/a>\t<label class=\"screen-reader-text\" for=\"quantity_69e20f74e41e7\">ilo\u015b\u0107 Kubek z w\u0142asnym logo lub mniejsz\u0105 grafik\u0105<\/label>\n\t<input\n\t\ttype=\"number\"\n\t\t\t\tid=\"quantity_69e20f74e41e7\"\n\t\tclass=\"input-text qty text\"\n\t\tname=\"quantity\"\n\t\tvalue=\"1\"\n\t\taria-label=\"Ilo\u015b\u0107 produktu\"\n\t\t\t\tmin=\"1\"\n\t\t\t\t\t\t\tstep=\"1\"\n\t\t\tplaceholder=\"\"\n\t\t\tinputmode=\"numeric\"\n\t\t\tautocomplete=\"off\"\n\t\t\t\/>\n\t<a href=\"#\" class=\"botiga-quantity-plus\" title=\"Zwi\u0119ksz ilo\u015b\u0107\" role=\"button\">+<span class=\"bt-d-none\">Zwi\u0119ksz ilo\u015b\u0107 produktu.<\/span><\/a><\/div>\n\n\t\t<button type=\"submit\" name=\"add-to-cart\" value=\"604\" class=\"single_add_to_cart_button button alt\">Dodaj do koszyka<\/button>\n\n\t\t\t<\/form>\n\n\t\n<\/div>\n\n\n<div data-block-name=\"woocommerce\/product-meta\" class=\"wp-block-woocommerce-product-meta\">\n<div class=\"wp-block-group is-nowrap is-layout-flex wp-container-core-group-is-layout-6c531013 wp-block-group-is-layout-flex\">\n\n<div class=\"taxonomy-product_cat wp-block-post-terms\"><span class=\"wp-block-post-terms__prefix\">Kategoria: <\/span><a href=\"https:\/\/www.sklepik.szkolasztutowo.pl\/index.php\/kategoria-produktu\/spersonalizowane-nadruki\/\" rel=\"tag\">W Twoim charakterze<\/a><\/div>\n\n<div class=\"taxonomy-product_tag wp-block-post-terms\"><span class=\"wp-block-post-terms__prefix\">Znaczniki: <\/span><a href=\"https:\/\/www.sklepik.szkolasztutowo.pl\/index.php\/znacznik-produktu\/kubek\/\" rel=\"tag\">kubek<\/a><span class=\"wp-block-post-terms__separator\">, <\/span><a href=\"https:\/\/www.sklepik.szkolasztutowo.pl\/index.php\/znacznik-produktu\/sublimacja\/\" rel=\"tag\">sublimacja<\/a><\/div><\/div>\n<\/div>\n<\/div>\n<\/div>\n<\/div>\n\n\n\n<div data-block-name=\"woocommerce\/single-product\" data-product-id=\"612\" data-wp-context=\"{&quot;productId&quot;:612,&quot;variationId&quot;:null}\" data-wp-interactive=\"woocommerce\/single-product\" class=\"wp-block-woocommerce-single-product woocommerce\">\n<div class=\"wp-block-columns is-layout-flex wp-container-core-columns-is-layout-28f84493 wp-block-columns-is-layout-flex\">\n<div class=\"wp-block-column is-layout-flow wp-block-column-is-layout-flow\"><div data-block-name=\"woocommerce\/product-image\" data-is-descendent-of-single-product-block=\"true\" data-show-sale-badge=\"false\" class=\"wc-block-components-product-image wc-block-grid__product-image wc-block-components-product-image--aspect-ratio-auto wp-block-woocommerce-product-image\"><a href=\"https:\/\/www.sklepik.szkolasztutowo.pl\/index.php\/produkt\/kubek-z-wlasna-duza-grafika\/\" style=\"\" data-wp-on--click=\"woocommerce\/product-collection::actions.viewProduct\"><img loading=\"lazy\" decoding=\"async\" width=\"800\" height=\"535\" src=\"https:\/\/www.sklepik.szkolasztutowo.pl\/wp-content\/uploads\/2025\/11\/kubekwersja2-1-800x535.png\" class=\"attachment-woocommerce_single size-woocommerce_single\" alt=\"kubek z du\u017c\u0105 grafik\u0105\" data-testid=\"product-image\" data-image-id=\"614\" style=\"object-fit:cover;\" srcset=\"https:\/\/www.sklepik.szkolasztutowo.pl\/wp-content\/uploads\/2025\/11\/kubekwersja2-1-800x535.png 800w, https:\/\/www.sklepik.szkolasztutowo.pl\/wp-content\/uploads\/2025\/11\/kubekwersja2-1-300x201.png 300w, https:\/\/www.sklepik.szkolasztutowo.pl\/wp-content\/uploads\/2025\/11\/kubekwersja2-1-1024x685.png 1024w, https:\/\/www.sklepik.szkolasztutowo.pl\/wp-content\/uploads\/2025\/11\/kubekwersja2-1-768x513.png 768w, https:\/\/www.sklepik.szkolasztutowo.pl\/wp-content\/uploads\/2025\/11\/kubekwersja2-1-1536x1027.png 1536w, https:\/\/www.sklepik.szkolasztutowo.pl\/wp-content\/uploads\/2025\/11\/kubekwersja2-1-2048x1369.png 2048w, https:\/\/www.sklepik.szkolasztutowo.pl\/wp-content\/uploads\/2025\/11\/kubekwersja2-1-1140x762.png 1140w, https:\/\/www.sklepik.szkolasztutowo.pl\/wp-content\/uploads\/2025\/11\/kubekwersja2-1-920x615.png 920w, https:\/\/www.sklepik.szkolasztutowo.pl\/wp-content\/uploads\/2025\/11\/kubekwersja2-1-575x384.png 575w, https:\/\/www.sklepik.szkolasztutowo.pl\/wp-content\/uploads\/2025\/11\/kubekwersja2-1-380x254.png 380w, https:\/\/www.sklepik.szkolasztutowo.pl\/wp-content\/uploads\/2025\/11\/kubekwersja2-1-420x281.png 420w, https:\/\/www.sklepik.szkolasztutowo.pl\/wp-content\/uploads\/2025\/11\/kubekwersja2-1-80x53.png 80w\" sizes=\"auto, (max-width: 800px) 100vw, 800px\" \/><div class=\"wc-block-components-product-image__inner-container\">\n\n<\/div><\/a><\/div><\/div>\n\n\n\n<div class=\"wp-block-column is-layout-flow wp-block-column-is-layout-flow\"><h2 class=\"wp-block-post-title\"><a href=\"https:\/\/www.sklepik.szkolasztutowo.pl\/index.php\/produkt\/kubek-z-wlasna-duza-grafika\/\" target=\"_self\" >Kubek z w\u0142asn\u0105, du\u017c\u0105 grafik\u0105<\/a><\/h2>\n\n\n\n<div data-block-name=\"woocommerce\/product-price\" data-is-descendent-of-single-product-block=\"true\" class=\"wp-block-woocommerce-product-price\" ><div class=\"wc-block-components-product-price wc-block-grid__product-price  \" style=\"\" >\n\t\t\t\t\t<span class=\"woocommerce-Price-amount amount\"><bdi>20,00&nbsp;<span class=\"woocommerce-Price-currencySymbol\">&#122;&#322;<\/span><\/bdi><\/span>\n\t\t\t\t<\/div><\/div>\n\n<div data-block-name=\"woocommerce\/product-summary\" data-is-descendent-of-single-product-block=\"true\" class=\"wp-block-woocommerce-product-summary\"><div class=\"wc-block-components-product-summary \" style=\"\">\n\t\t\t\t<p>Bia\u0142y kubek z du\u017c\u0105 personalizowan\u0105 grafik\u0105<\/p>\n\n\t\t\t<\/div><\/div>\n\n<div data-block-name=\"woocommerce\/add-to-cart-form\" class=\"wp-block-add-to-cart-form wc-block-add-to-cart-form wc-block-add-to-cart-form--input wp-block-woocommerce-add-to-cart-form\" ><p class=\"stock available-on-backorder\">Produkt dost\u0119pny na zam\u00f3wienie<\/p>\n\n\t\n\t<form class=\"cart\" action=\"https:\/\/www.sklepik.szkolasztutowo.pl\/index.php\/produkt\/kubek-z-wlasna-duza-grafika\/\" method=\"post\" enctype='multipart\/form-data'>\n\t\t\n\t\t<div class=\"quantity\">\n\t<a href=\"#\" class=\"botiga-quantity-minus\" title=\"Zmniejsz ilo\u015b\u0107\" role=\"button\">&#8211;<span class=\"bt-d-none\">Zmniejsz ilo\u015b\u0107 produktu.<\/span><\/a>\t<label class=\"screen-reader-text\" for=\"quantity_69e20f74e60cc\">ilo\u015b\u0107 Kubek z w\u0142asn\u0105, du\u017c\u0105 grafik\u0105<\/label>\n\t<input\n\t\ttype=\"number\"\n\t\t\t\tid=\"quantity_69e20f74e60cc\"\n\t\tclass=\"input-text qty text\"\n\t\tname=\"quantity\"\n\t\tvalue=\"1\"\n\t\taria-label=\"Ilo\u015b\u0107 produktu\"\n\t\t\t\tmin=\"1\"\n\t\t\t\t\t\t\tstep=\"1\"\n\t\t\tplaceholder=\"\"\n\t\t\tinputmode=\"numeric\"\n\t\t\tautocomplete=\"off\"\n\t\t\t\/>\n\t<a href=\"#\" class=\"botiga-quantity-plus\" title=\"Zwi\u0119ksz ilo\u015b\u0107\" role=\"button\">+<span class=\"bt-d-none\">Zwi\u0119ksz ilo\u015b\u0107 produktu.<\/span><\/a><\/div>\n\n\t\t<button type=\"submit\" name=\"add-to-cart\" value=\"612\" class=\"single_add_to_cart_button button alt\">Dodaj do koszyka<\/button>\n\n\t\t\t<\/form>\n\n\t\n<\/div>\n\n\n<div data-block-name=\"woocommerce\/product-meta\" class=\"wp-block-woocommerce-product-meta\">\n<div class=\"wp-block-group is-nowrap is-layout-flex wp-container-core-group-is-layout-6c531013 wp-block-group-is-layout-flex\">\n\n<div class=\"taxonomy-product_cat wp-block-post-terms\"><span class=\"wp-block-post-terms__prefix\">Kategoria: <\/span><a href=\"https:\/\/www.sklepik.szkolasztutowo.pl\/index.php\/kategoria-produktu\/spersonalizowane-nadruki\/\" rel=\"tag\">W Twoim charakterze<\/a><\/div>\n\n<div class=\"taxonomy-product_tag wp-block-post-terms\"><span class=\"wp-block-post-terms__prefix\">Znaczniki: <\/span><a href=\"https:\/\/www.sklepik.szkolasztutowo.pl\/index.php\/znacznik-produktu\/kubek\/\" rel=\"tag\">kubek<\/a><span class=\"wp-block-post-terms__separator\">, <\/span><a href=\"https:\/\/www.sklepik.szkolasztutowo.pl\/index.php\/znacznik-produktu\/sublimacja\/\" rel=\"tag\">sublimacja<\/a><\/div><\/div>\n<\/div>\n<\/div>\n<\/div>\n<\/div>\n\n\n\n<p><\/p>\n","protected":false},"excerpt":{"rendered":"<p>W Twoim Charakterze to kategoria stworzona z my\u015bl\u0105 o tych, kt\u00f3rzy chc\u0105 podkre\u015bli\u0107 swoj\u0105 indywidualno\u015b\u0107. Oferujemy personalizowane produkty \u2013 od kubk\u00f3w pod sublimacj\u0119 z w\u0142asnym logo czy zdj\u0119ciem, po koszulki, [&hellip;]<\/p>\n","protected":false},"author":1,"featured_media":0,"parent":0,"menu_order":0,"comment_status":"closed","ping_status":"closed","template":"","meta":{"footnotes":""},"class_list":["post-587","page","type-page","status-publish","hentry"],"jetpack_sharing_enabled":true,"_links":{"self":[{"href":"https:\/\/www.sklepik.szkolasztutowo.pl\/index.php\/wp-json\/wp\/v2\/pages\/587","targetHints":{"allow":["GET"]}}],"collection":[{"href":"https:\/\/www.sklepik.szkolasztutowo.pl\/index.php\/wp-json\/wp\/v2\/pages"}],"about":[{"href":"https:\/\/www.sklepik.szkolasztutowo.pl\/index.php\/wp-json\/wp\/v2\/types\/page"}],"author":[{"embeddable":true,"href":"https:\/\/www.sklepik.szkolasztutowo.pl\/index.php\/wp-json\/wp\/v2\/users\/1"}],"replies":[{"embeddable":true,"href":"https:\/\/www.sklepik.szkolasztutowo.pl\/index.php\/wp-json\/wp\/v2\/comments?post=587"}],"version-history":[{"count":3,"href":"https:\/\/www.sklepik.szkolasztutowo.pl\/index.php\/wp-json\/wp\/v2\/pages\/587\/revisions"}],"predecessor-version":[{"id":616,"href":"https:\/\/www.sklepik.szkolasztutowo.pl\/index.php\/wp-json\/wp\/v2\/pages\/587\/revisions\/616"}],"wp:attachment":[{"href":"https:\/\/www.sklepik.szkolasztutowo.pl\/index.php\/wp-json\/wp\/v2\/media?parent=587"}],"curies":[{"name":"wp","href":"https:\/\/api.w.org\/{rel}","templated":true}]}}