{"id":584,"date":"2025-11-26T18:53:43","date_gmt":"2025-11-26T17:53:43","guid":{"rendered":"https:\/\/www.sklepik.szkolasztutowo.pl\/?page_id=584"},"modified":"2025-12-01T01:20:37","modified_gmt":"2025-12-01T00:20:37","slug":"okolicznosciowe-perelki","status":"publish","type":"page","link":"https:\/\/www.sklepik.szkolasztutowo.pl\/index.php\/okolicznosciowe-perelki\/","title":{"rendered":"Okoliczno\u015bciowe pere\u0142ki"},"content":{"rendered":"\n<p><strong>Okoliczno\u015bciowe pere\u0142ki<\/strong> to wyj\u0105tkowa kolekcja r\u0119cznie przygotowanych zestaw\u00f3w prezentowych tworzonych przez nasz\u0105 sp\u00f3\u0142dzielni\u0119 uczniowsk\u0105. Znajdziesz tu starannie skomponowane upominki idealne na zbli\u017caj\u0105ce si\u0119 \u015bwi\u0119ta i wa\u017cne okazje \u2013 od \u015bwi\u0105t kalendarzowych po rodzinne uroczysto\u015bci. Ka\u017cdy zestaw to po\u0142\u0105czenie kreatywno\u015bci, pasji oraz dba\u0142o\u015bci o detale, dzi\u0119ki czemu podarujesz bliskim co\u015b naprawd\u0119 niepowtarzalnego. Odkryj nasze unikatowe propozycje i wybierz prezent, kt\u00f3ry wywo\u0142a u\u015bmiech w ka\u017cdej wyj\u0105tkowej chwili.<\/p>\n\n\n\n<div data-block-name=\"woocommerce\/single-product\" data-product-id=\"649\" data-wp-context=\"{&quot;productId&quot;:649,&quot;variationId&quot;:null}\" data-wp-interactive=\"woocommerce\/single-product\" class=\"wp-block-woocommerce-single-product woocommerce\">\n<div class=\"wp-block-columns is-layout-flex wp-container-core-columns-is-layout-28f84493 wp-block-columns-is-layout-flex\">\n<div class=\"wp-block-column is-layout-flow wp-block-column-is-layout-flow\"><div data-block-name=\"woocommerce\/product-image\" data-is-descendent-of-single-product-block=\"true\" data-show-sale-badge=\"false\" class=\"wc-block-components-product-image wc-block-grid__product-image wc-block-components-product-image--aspect-ratio-auto wp-block-woocommerce-product-image\"><a href=\"https:\/\/www.sklepik.szkolasztutowo.pl\/index.php\/produkt\/swiateczny-zestaw-swiec-renifer-choinka-sniezynka-lub-piernikowy-ludzik\/\" style=\"\" data-wp-on--click=\"woocommerce\/product-collection::actions.viewProduct\"><img loading=\"lazy\" decoding=\"async\" width=\"800\" height=\"535\" src=\"https:\/\/www.sklepik.szkolasztutowo.pl\/wp-content\/uploads\/2025\/12\/prezentowaperelka-800x535.png\" class=\"attachment-woocommerce_single size-woocommerce_single\" alt=\"pude\u0142ko prezentowe ze \u015bwiecami\" data-testid=\"product-image\" data-image-id=\"650\" style=\"object-fit:cover;\" srcset=\"https:\/\/www.sklepik.szkolasztutowo.pl\/wp-content\/uploads\/2025\/12\/prezentowaperelka-800x535.png 800w, https:\/\/www.sklepik.szkolasztutowo.pl\/wp-content\/uploads\/2025\/12\/prezentowaperelka-300x201.png 300w, https:\/\/www.sklepik.szkolasztutowo.pl\/wp-content\/uploads\/2025\/12\/prezentowaperelka-1024x685.png 1024w, https:\/\/www.sklepik.szkolasztutowo.pl\/wp-content\/uploads\/2025\/12\/prezentowaperelka-768x513.png 768w, https:\/\/www.sklepik.szkolasztutowo.pl\/wp-content\/uploads\/2025\/12\/prezentowaperelka-1536x1027.png 1536w, https:\/\/www.sklepik.szkolasztutowo.pl\/wp-content\/uploads\/2025\/12\/prezentowaperelka-2048x1369.png 2048w, https:\/\/www.sklepik.szkolasztutowo.pl\/wp-content\/uploads\/2025\/12\/prezentowaperelka-1140x762.png 1140w, https:\/\/www.sklepik.szkolasztutowo.pl\/wp-content\/uploads\/2025\/12\/prezentowaperelka-920x615.png 920w, https:\/\/www.sklepik.szkolasztutowo.pl\/wp-content\/uploads\/2025\/12\/prezentowaperelka-575x384.png 575w, https:\/\/www.sklepik.szkolasztutowo.pl\/wp-content\/uploads\/2025\/12\/prezentowaperelka-380x254.png 380w, https:\/\/www.sklepik.szkolasztutowo.pl\/wp-content\/uploads\/2025\/12\/prezentowaperelka-420x281.png 420w, https:\/\/www.sklepik.szkolasztutowo.pl\/wp-content\/uploads\/2025\/12\/prezentowaperelka-80x53.png 80w\" sizes=\"auto, (max-width: 800px) 100vw, 800px\" \/><div class=\"wc-block-components-product-image__inner-container\">\n\n<\/div><\/a><\/div><\/div>\n\n\n\n<div class=\"wp-block-column is-layout-flow wp-block-column-is-layout-flow\"><h2 class=\"wp-block-post-title\"><a href=\"https:\/\/www.sklepik.szkolasztutowo.pl\/index.php\/produkt\/swiateczny-zestaw-swiec-renifer-choinka-sniezynka-lub-piernikowy-ludzik\/\" target=\"_self\" >\u015awi\u0105teczny zestaw \u015bwiec \u2013 renifer, choinka, \u015bnie\u017cynka lub piernikowy ludzik<\/a><\/h2>\n\n\n\n<div data-block-name=\"woocommerce\/product-price\" data-is-descendent-of-single-product-block=\"true\" class=\"wp-block-woocommerce-product-price\" ><div class=\"wc-block-components-product-price wc-block-grid__product-price  \" style=\"\" >\n\t\t\t\t\t<span class=\"woocommerce-Price-amount amount\"><bdi>35,00&nbsp;<span class=\"woocommerce-Price-currencySymbol\">&#122;&#322;<\/span><\/bdi><\/span>\n\t\t\t\t<\/div><\/div>\n\n<div data-block-name=\"woocommerce\/product-summary\" data-is-descendent-of-single-product-block=\"true\" class=\"wp-block-woocommerce-product-summary\"><div class=\"wc-block-components-product-summary \" style=\"\">\n\t\t\t\t<p>Zestawowi trzech \u015bwiec o kszta\u0142tach inspirowanych \u015awi\u0119tami Bo\u017cego Narodzenia &#8211; renifer, choinka, \u015bnie\u017cynka lub piernikowy ludzik.<\/p>\n\n\t\t\t<\/div><\/div>\n\n<div data-block-name=\"woocommerce\/add-to-cart-form\" class=\"wp-block-add-to-cart-form wc-block-add-to-cart-form wc-block-add-to-cart-form--input wp-block-woocommerce-add-to-cart-form\" ><p class=\"stock in-stock\">1 w magazynie<\/p>\n\n\t\n\t<form class=\"cart\" action=\"https:\/\/www.sklepik.szkolasztutowo.pl\/index.php\/produkt\/swiateczny-zestaw-swiec-renifer-choinka-sniezynka-lub-piernikowy-ludzik\/\" method=\"post\" enctype='multipart\/form-data'>\n\t\t\n\t\t<div class=\"quantity\">\n\t<a href=\"#\" class=\"botiga-quantity-minus\" title=\"Zmniejsz ilo\u015b\u0107\" role=\"button\">&#8211;<span class=\"bt-d-none\">Zmniejsz ilo\u015b\u0107 produktu.<\/span><\/a>\t<label class=\"screen-reader-text\" for=\"quantity_69e20f733cc84\">ilo\u015b\u0107 \u015awi\u0105teczny zestaw \u015bwiec \u2013 renifer, choinka, \u015bnie\u017cynka lub piernikowy ludzik<\/label>\n\t<input\n\t\ttype=\"hidden\"\n\t\t\t\tid=\"quantity_69e20f733cc84\"\n\t\tclass=\"input-text qty text\"\n\t\tname=\"quantity\"\n\t\tvalue=\"1\"\n\t\taria-label=\"Ilo\u015b\u0107 produktu\"\n\t\t\t\tmin=\"1\"\n\t\t\t\t\tmax=\"1\"\n\t\t\t\t\t\t\tstep=\"1\"\n\t\t\tplaceholder=\"\"\n\t\t\tinputmode=\"numeric\"\n\t\t\tautocomplete=\"off\"\n\t\t\t\/>\n\t<a href=\"#\" class=\"botiga-quantity-plus\" title=\"Zwi\u0119ksz ilo\u015b\u0107\" role=\"button\">+<span class=\"bt-d-none\">Zwi\u0119ksz ilo\u015b\u0107 produktu.<\/span><\/a><\/div>\n\n\t\t<button type=\"submit\" name=\"add-to-cart\" value=\"649\" class=\"single_add_to_cart_button button alt\">Dodaj do koszyka<\/button>\n\n\t\t\t<\/form>\n\n\t\n<\/div>\n\n\n<div data-block-name=\"woocommerce\/product-meta\" class=\"wp-block-woocommerce-product-meta\">\n<div class=\"wp-block-group is-nowrap is-layout-flex wp-container-core-group-is-layout-6c531013 wp-block-group-is-layout-flex\">\n\n<div class=\"taxonomy-product_cat wp-block-post-terms\"><span class=\"wp-block-post-terms__prefix\">Kategoria: <\/span><a href=\"https:\/\/www.sklepik.szkolasztutowo.pl\/index.php\/kategoria-produktu\/bez-kategorii\/\" rel=\"tag\">Bez kategorii<\/a><\/div>\n\n<\/div>\n<\/div>\n<\/div>\n<\/div>\n<\/div>\n","protected":false},"excerpt":{"rendered":"<p>Okoliczno\u015bciowe pere\u0142ki to wyj\u0105tkowa kolekcja r\u0119cznie przygotowanych zestaw\u00f3w prezentowych tworzonych przez nasz\u0105 sp\u00f3\u0142dzielni\u0119 uczniowsk\u0105. Znajdziesz tu starannie skomponowane upominki idealne na zbli\u017caj\u0105ce si\u0119 \u015bwi\u0119ta i wa\u017cne okazje \u2013 od \u015bwi\u0105t [&hellip;]<\/p>\n","protected":false},"author":1,"featured_media":0,"parent":0,"menu_order":0,"comment_status":"closed","ping_status":"closed","template":"","meta":{"footnotes":""},"class_list":["post-584","page","type-page","status-publish","hentry"],"jetpack_sharing_enabled":true,"_links":{"self":[{"href":"https:\/\/www.sklepik.szkolasztutowo.pl\/index.php\/wp-json\/wp\/v2\/pages\/584","targetHints":{"allow":["GET"]}}],"collection":[{"href":"https:\/\/www.sklepik.szkolasztutowo.pl\/index.php\/wp-json\/wp\/v2\/pages"}],"about":[{"href":"https:\/\/www.sklepik.szkolasztutowo.pl\/index.php\/wp-json\/wp\/v2\/types\/page"}],"author":[{"embeddable":true,"href":"https:\/\/www.sklepik.szkolasztutowo.pl\/index.php\/wp-json\/wp\/v2\/users\/1"}],"replies":[{"embeddable":true,"href":"https:\/\/www.sklepik.szkolasztutowo.pl\/index.php\/wp-json\/wp\/v2\/comments?post=584"}],"version-history":[{"count":2,"href":"https:\/\/www.sklepik.szkolasztutowo.pl\/index.php\/wp-json\/wp\/v2\/pages\/584\/revisions"}],"predecessor-version":[{"id":655,"href":"https:\/\/www.sklepik.szkolasztutowo.pl\/index.php\/wp-json\/wp\/v2\/pages\/584\/revisions\/655"}],"wp:attachment":[{"href":"https:\/\/www.sklepik.szkolasztutowo.pl\/index.php\/wp-json\/wp\/v2\/media?parent=584"}],"curies":[{"name":"wp","href":"https:\/\/api.w.org\/{rel}","templated":true}]}}