{"id":393,"date":"2021-07-17T08:09:13","date_gmt":"2021-07-17T08:09:13","guid":{"rendered":"https:\/\/demo.athemes.com\/botiga\/?page_id=7"},"modified":"2025-11-25T22:09:32","modified_gmt":"2025-11-25T21:09:32","slug":"blog","status":"publish","type":"page","link":"https:\/\/www.sklepik.szkolasztutowo.pl\/index.php\/blog\/","title":{"rendered":"Aktualno\u015bci"},"content":{"rendered":"\n<div class=\"wp-block-group alignfull\"><div class=\"wp-block-group__inner-container is-layout-constrained wp-block-group-is-layout-constrained\"><ul style=\"border-radius:5px; margin-top:var(--wp--preset--spacing--20);margin-bottom:var(--wp--preset--spacing--20);margin-left:0;margin-right:0;\" class=\"wp-block-latest-posts__list is-grid columns-3 has-dates alignfull wp-block-latest-posts\"><li><div class=\"wp-block-latest-posts__featured-image aligncenter\"><img loading=\"lazy\" decoding=\"async\" width=\"540\" height=\"392\" src=\"https:\/\/www.sklepik.szkolasztutowo.pl\/wp-content\/uploads\/2025\/11\/gazetka.png\" class=\"attachment-large size-large wp-post-image\" alt=\"nag\u0142\u00f3wek gazetki\" style=\"max-width:512px;max-height:512px;\" srcset=\"https:\/\/www.sklepik.szkolasztutowo.pl\/wp-content\/uploads\/2025\/11\/gazetka.png 540w, https:\/\/www.sklepik.szkolasztutowo.pl\/wp-content\/uploads\/2025\/11\/gazetka-300x218.png 300w, https:\/\/www.sklepik.szkolasztutowo.pl\/wp-content\/uploads\/2025\/11\/gazetka-380x276.png 380w, https:\/\/www.sklepik.szkolasztutowo.pl\/wp-content\/uploads\/2025\/11\/gazetka-420x305.png 420w, https:\/\/www.sklepik.szkolasztutowo.pl\/wp-content\/uploads\/2025\/11\/gazetka-80x58.png 80w\" sizes=\"auto, (max-width: 540px) 100vw, 540px\" \/><\/div><a class=\"wp-block-latest-posts__post-title\" href=\"https:\/\/www.sklepik.szkolasztutowo.pl\/index.php\/2025\/11\/28\/mamy-to-powstala-nasza-pierwsza-gazetka-reklamowa\/\">Mamy to! Powsta\u0142a nasza pierwsza gazetka reklamowa!<\/a><time datetime=\"2025-11-28T22:32:49+01:00\" class=\"wp-block-latest-posts__post-date\">2025-11-28<\/time><div class=\"wp-block-latest-posts__post-excerpt\">Z rado\u015bci\u0105 prezentujemy pierwsz\u0105 \u015bwi\u0105teczn\u0105 gazetk\u0119 reklamow\u0105 stworzon\u0105 przez cz\u0142onk\u00f3w naszej Sp\u00f3\u0142dzielni Uczniowskiej \u201eKreatywni Przedsi\u0119biorcy\u201d.W \u015brodku znajdziecie m.in. prezentowe \u015bwiece sojowe w \u015bwi\u0105tecznych kszta\u0142tach, zestaw \u015bwiec w ozdobnym pude\u0142ku, a\u2026 <a class=\"wp-block-latest-posts__read-more\" href=\"https:\/\/www.sklepik.szkolasztutowo.pl\/index.php\/2025\/11\/28\/mamy-to-powstala-nasza-pierwsza-gazetka-reklamowa\/\" rel=\"noopener noreferrer\">Dowiedz si\u0119 wi\u0119cej<span class=\"screen-reader-text\">: Mamy to! Powsta\u0142a nasza pierwsza gazetka reklamowa!<\/span><\/a><\/div><\/li>\n<li><div class=\"wp-block-latest-posts__featured-image aligncenter\"><img loading=\"lazy\" decoding=\"async\" width=\"1024\" height=\"778\" src=\"https:\/\/www.sklepik.szkolasztutowo.pl\/wp-content\/uploads\/2025\/12\/foto_005-1024x778.jpg\" class=\"attachment-large size-large wp-post-image\" alt=\"slajd dotycz\u0105cy zawarto\u015bci ceny produktu\" style=\"max-width:512px;max-height:512px;\" srcset=\"https:\/\/www.sklepik.szkolasztutowo.pl\/wp-content\/uploads\/2025\/12\/foto_005-1024x778.jpg 1024w, https:\/\/www.sklepik.szkolasztutowo.pl\/wp-content\/uploads\/2025\/12\/foto_005-300x228.jpg 300w, https:\/\/www.sklepik.szkolasztutowo.pl\/wp-content\/uploads\/2025\/12\/foto_005-768x583.jpg 768w, https:\/\/www.sklepik.szkolasztutowo.pl\/wp-content\/uploads\/2025\/12\/foto_005-1140x866.jpg 1140w, https:\/\/www.sklepik.szkolasztutowo.pl\/wp-content\/uploads\/2025\/12\/foto_005-920x699.jpg 920w, https:\/\/www.sklepik.szkolasztutowo.pl\/wp-content\/uploads\/2025\/12\/foto_005-575x437.jpg 575w, https:\/\/www.sklepik.szkolasztutowo.pl\/wp-content\/uploads\/2025\/12\/foto_005-380x289.jpg 380w, https:\/\/www.sklepik.szkolasztutowo.pl\/wp-content\/uploads\/2025\/12\/foto_005-420x319.jpg 420w, https:\/\/www.sklepik.szkolasztutowo.pl\/wp-content\/uploads\/2025\/12\/foto_005-800x608.jpg 800w, https:\/\/www.sklepik.szkolasztutowo.pl\/wp-content\/uploads\/2025\/12\/foto_005-80x61.jpg 80w, https:\/\/www.sklepik.szkolasztutowo.pl\/wp-content\/uploads\/2025\/12\/foto_005.jpg 1185w\" sizes=\"auto, (max-width: 1024px) 100vw, 1024px\" \/><\/div><a class=\"wp-block-latest-posts__post-title\" href=\"https:\/\/www.sklepik.szkolasztutowo.pl\/index.php\/2025\/11\/27\/uczymy-sie-ustalac-marze-naszych-produktow-na-spotkaniu-ze-specjalista\/\">Uczymy si\u0119 na spotkaniu ze specjalist\u0105, jak ustala\u0107 mar\u017c\u0119 naszych produkt\u00f3w<\/a><time datetime=\"2025-11-27T00:27:14+01:00\" class=\"wp-block-latest-posts__post-date\">2025-11-27<\/time><div class=\"wp-block-latest-posts__post-excerpt\">W czwartek 27 listopada uczniowie dzia\u0142aj\u0105cy w Sp\u00f3\u0142dzielni Uczniowskiej uczestniczyli w bardzo merytorycznym spotkaniu z doktor ekonomii pani\u0105 Aleksandr\u0105 Gus- Puszczewicz, kt\u00f3ra poprowadzi\u0142a spotkanie na temat prowadzenia i rozwoju dzia\u0142alno\u015bci\u2026 <a class=\"wp-block-latest-posts__read-more\" href=\"https:\/\/www.sklepik.szkolasztutowo.pl\/index.php\/2025\/11\/27\/uczymy-sie-ustalac-marze-naszych-produktow-na-spotkaniu-ze-specjalista\/\" rel=\"noopener noreferrer\">Dowiedz si\u0119 wi\u0119cej<span class=\"screen-reader-text\">: Uczymy si\u0119 na spotkaniu ze specjalist\u0105, jak ustala\u0107 mar\u017c\u0119 naszych produkt\u00f3w<\/span><\/a><\/div><\/li>\n<li><div class=\"wp-block-latest-posts__featured-image aligncenter\"><img loading=\"lazy\" decoding=\"async\" width=\"1024\" height=\"683\" src=\"https:\/\/www.sklepik.szkolasztutowo.pl\/wp-content\/uploads\/2021\/07\/foto_001-3-1024x683.jpg\" class=\"attachment-large size-large wp-post-image\" alt=\"\" style=\"max-width:512px;max-height:512px;\" srcset=\"https:\/\/www.sklepik.szkolasztutowo.pl\/wp-content\/uploads\/2021\/07\/foto_001-3-1024x683.jpg 1024w, https:\/\/www.sklepik.szkolasztutowo.pl\/wp-content\/uploads\/2021\/07\/foto_001-3-300x200.jpg 300w, https:\/\/www.sklepik.szkolasztutowo.pl\/wp-content\/uploads\/2021\/07\/foto_001-3-768x512.jpg 768w, https:\/\/www.sklepik.szkolasztutowo.pl\/wp-content\/uploads\/2021\/07\/foto_001-3-1140x760.jpg 1140w, https:\/\/www.sklepik.szkolasztutowo.pl\/wp-content\/uploads\/2021\/07\/foto_001-3-920x613.jpg 920w, https:\/\/www.sklepik.szkolasztutowo.pl\/wp-content\/uploads\/2021\/07\/foto_001-3-575x383.jpg 575w, https:\/\/www.sklepik.szkolasztutowo.pl\/wp-content\/uploads\/2021\/07\/foto_001-3-380x253.jpg 380w, https:\/\/www.sklepik.szkolasztutowo.pl\/wp-content\/uploads\/2021\/07\/foto_001-3-420x280.jpg 420w, https:\/\/www.sklepik.szkolasztutowo.pl\/wp-content\/uploads\/2021\/07\/foto_001-3-800x533.jpg 800w, https:\/\/www.sklepik.szkolasztutowo.pl\/wp-content\/uploads\/2021\/07\/foto_001-3-80x53.jpg 80w, https:\/\/www.sklepik.szkolasztutowo.pl\/wp-content\/uploads\/2021\/07\/foto_001-3.jpg 1350w\" sizes=\"auto, (max-width: 1024px) 100vw, 1024px\" \/><\/div><a class=\"wp-block-latest-posts__post-title\" href=\"https:\/\/www.sklepik.szkolasztutowo.pl\/index.php\/2025\/11\/14\/w-naszej-szkole-powstala-spoldzielnia-uczniowska-kreatywni-przedsiebiorcy\/\">W naszej szkole powsta\u0142a Sp\u00f3\u0142dzielnia Uczniowska \u201eKreatywni Przedsi\u0119biorcy\u201d!<\/a><time datetime=\"2025-11-14T19:06:00+01:00\" class=\"wp-block-latest-posts__post-date\">2025-11-14<\/time><div class=\"wp-block-latest-posts__post-excerpt\">Z rado\u015bci\u0105 informujemy, \u017ce oficjalnie rozpocz\u0119\u0142a dzia\u0142alno\u015b\u0107 Sp\u00f3\u0142dzielnia Uczniowska \u201eKreatywni Przedsi\u0119biorcy\u201d. Jej cz\u0142onkami\u2013za\u0142o\u017cycielami zosta\u0142o 14 uczni\u00f3w, a ju\u017c teraz sp\u00f3\u0142dzielnia liczy 20 aktywnych cz\u0142onk\u00f3w. Nasza inicjatywa uzyska\u0142a pozytywn\u0105 opini\u0119 Rady\u2026 <a class=\"wp-block-latest-posts__read-more\" href=\"https:\/\/www.sklepik.szkolasztutowo.pl\/index.php\/2025\/11\/14\/w-naszej-szkole-powstala-spoldzielnia-uczniowska-kreatywni-przedsiebiorcy\/\" rel=\"noopener noreferrer\">Dowiedz si\u0119 wi\u0119cej<span class=\"screen-reader-text\">: W naszej szkole powsta\u0142a Sp\u00f3\u0142dzielnia Uczniowska \u201eKreatywni Przedsi\u0119biorcy\u201d!<\/span><\/a><\/div><\/li>\n<li><div class=\"wp-block-latest-posts__featured-image aligncenter\"><img loading=\"lazy\" decoding=\"async\" width=\"636\" height=\"900\" src=\"https:\/\/www.sklepik.szkolasztutowo.pl\/wp-content\/uploads\/2021\/07\/foto_001-2.jpg\" class=\"attachment-large size-large wp-post-image\" alt=\"\" style=\"max-width:512px;max-height:512px;\" srcset=\"https:\/\/www.sklepik.szkolasztutowo.pl\/wp-content\/uploads\/2021\/07\/foto_001-2.jpg 636w, https:\/\/www.sklepik.szkolasztutowo.pl\/wp-content\/uploads\/2021\/07\/foto_001-2-212x300.jpg 212w, https:\/\/www.sklepik.szkolasztutowo.pl\/wp-content\/uploads\/2021\/07\/foto_001-2-575x814.jpg 575w, https:\/\/www.sklepik.szkolasztutowo.pl\/wp-content\/uploads\/2021\/07\/foto_001-2-380x538.jpg 380w, https:\/\/www.sklepik.szkolasztutowo.pl\/wp-content\/uploads\/2021\/07\/foto_001-2-420x594.jpg 420w, https:\/\/www.sklepik.szkolasztutowo.pl\/wp-content\/uploads\/2021\/07\/foto_001-2-71x100.jpg 71w\" sizes=\"auto, (max-width: 636px) 100vw, 636px\" \/><\/div><a class=\"wp-block-latest-posts__post-title\" href=\"https:\/\/www.sklepik.szkolasztutowo.pl\/index.php\/2025\/10\/20\/poszukujemy-osob-do-wspolpracy\/\">Poszukujemy os\u00f3b do wsp\u00f3\u0142pracy.<\/a><time datetime=\"2025-10-20T19:06:00+02:00\" class=\"wp-block-latest-posts__post-date\">2025-10-20<\/time><div class=\"wp-block-latest-posts__post-excerpt\">W naszej szkole powstaje Sp\u00f3\u0142dzielnia Uczniowska \u201eKreatywni Przedsi\u0119biorcy\u201d \u2014 miejsce, w kt\u00f3rym uczniowie b\u0119d\u0105 uczy\u0107 si\u0119 przedsi\u0119biorczo\u015bci, wsp\u00f3\u0142pracy i dzia\u0142ania jak w prawdziwej firmie. Poszukujemy osoby, kt\u00f3ra prowadzi w\u0142asn\u0105 dzia\u0142alno\u015b\u0107\u2026 <a class=\"wp-block-latest-posts__read-more\" href=\"https:\/\/www.sklepik.szkolasztutowo.pl\/index.php\/2025\/10\/20\/poszukujemy-osob-do-wspolpracy\/\" rel=\"noopener noreferrer\">Dowiedz si\u0119 wi\u0119cej<span class=\"screen-reader-text\">: Poszukujemy os\u00f3b do wsp\u00f3\u0142pracy.<\/span><\/a><\/div><\/li>\n<li><div class=\"wp-block-latest-posts__featured-image aligncenter\"><img loading=\"lazy\" decoding=\"async\" width=\"619\" height=\"294\" src=\"https:\/\/www.sklepik.szkolasztutowo.pl\/wp-content\/uploads\/2021\/07\/foto3-e1764099175234.png\" class=\"attachment-large size-large wp-post-image\" alt=\"zdj\u0119cie pyta\u0144 ankietowych\" style=\"max-width:512px;max-height:512px;\" srcset=\"https:\/\/www.sklepik.szkolasztutowo.pl\/wp-content\/uploads\/2021\/07\/foto3-e1764099175234.png 619w, https:\/\/www.sklepik.szkolasztutowo.pl\/wp-content\/uploads\/2021\/07\/foto3-e1764099175234-300x142.png 300w, https:\/\/www.sklepik.szkolasztutowo.pl\/wp-content\/uploads\/2021\/07\/foto3-e1764099175234-575x273.png 575w, https:\/\/www.sklepik.szkolasztutowo.pl\/wp-content\/uploads\/2021\/07\/foto3-e1764099175234-380x180.png 380w, https:\/\/www.sklepik.szkolasztutowo.pl\/wp-content\/uploads\/2021\/07\/foto3-e1764099175234-420x199.png 420w, https:\/\/www.sklepik.szkolasztutowo.pl\/wp-content\/uploads\/2021\/07\/foto3-e1764099175234-80x38.png 80w\" sizes=\"auto, (max-width: 619px) 100vw, 619px\" \/><\/div><a class=\"wp-block-latest-posts__post-title\" href=\"https:\/\/www.sklepik.szkolasztutowo.pl\/index.php\/2025\/09\/15\/badanie-rynku-szukamy-symbolu-gminy-sztutowo\/\">Badanie rynku &#8211; szukamy symbolu Gminy Sztutowo<\/a><time datetime=\"2025-09-15T19:06:00+02:00\" class=\"wp-block-latest-posts__post-date\">2025-09-15<\/time><div class=\"wp-block-latest-posts__post-excerpt\">W trakcie wydarzenia jakim by\u0142o 80 lecie Gminy Sztutowo uczniowie naszej szko\u0142y, dzia\u0142aj\u0105cy w Sp\u00f3\u0142dzielni\u00a0\u00a0Uczniowskiej \u201eKreatywni Przedsi\u0119biorcy\u201d, prowadzili badanie rynku\u00a0\u00a0dotycz\u0105ce wyboru symbolu Gminy Sztutowo, kt\u00f3ry m\u00f3g\u0142by zosta\u0107\u00a0\u00a0wykorzystany na produktach tworzonych\u2026 <a class=\"wp-block-latest-posts__read-more\" href=\"https:\/\/www.sklepik.szkolasztutowo.pl\/index.php\/2025\/09\/15\/badanie-rynku-szukamy-symbolu-gminy-sztutowo\/\" rel=\"noopener noreferrer\">Dowiedz si\u0119 wi\u0119cej<span class=\"screen-reader-text\">: Badanie rynku &#8211; szukamy symbolu Gminy Sztutowo<\/span><\/a><\/div><\/li>\n<li><div class=\"wp-block-latest-posts__featured-image aligncenter\"><img loading=\"lazy\" decoding=\"async\" width=\"1024\" height=\"460\" src=\"https:\/\/www.sklepik.szkolasztutowo.pl\/wp-content\/uploads\/2021\/07\/foto_001-1-1024x460.jpg\" class=\"attachment-large size-large wp-post-image\" alt=\"zdj\u0119cie ba\u0142aganu podczas produkcji\" style=\"max-width:512px;max-height:512px;\" srcset=\"https:\/\/www.sklepik.szkolasztutowo.pl\/wp-content\/uploads\/2021\/07\/foto_001-1-1024x460.jpg 1024w, https:\/\/www.sklepik.szkolasztutowo.pl\/wp-content\/uploads\/2021\/07\/foto_001-1-300x135.jpg 300w, https:\/\/www.sklepik.szkolasztutowo.pl\/wp-content\/uploads\/2021\/07\/foto_001-1-768x345.jpg 768w, https:\/\/www.sklepik.szkolasztutowo.pl\/wp-content\/uploads\/2021\/07\/foto_001-1-1536x689.jpg 1536w, https:\/\/www.sklepik.szkolasztutowo.pl\/wp-content\/uploads\/2021\/07\/foto_001-1-1140x512.jpg 1140w, https:\/\/www.sklepik.szkolasztutowo.pl\/wp-content\/uploads\/2021\/07\/foto_001-1-920x413.jpg 920w, https:\/\/www.sklepik.szkolasztutowo.pl\/wp-content\/uploads\/2021\/07\/foto_001-1-575x258.jpg 575w, https:\/\/www.sklepik.szkolasztutowo.pl\/wp-content\/uploads\/2021\/07\/foto_001-1-380x171.jpg 380w, https:\/\/www.sklepik.szkolasztutowo.pl\/wp-content\/uploads\/2021\/07\/foto_001-1-420x189.jpg 420w, https:\/\/www.sklepik.szkolasztutowo.pl\/wp-content\/uploads\/2021\/07\/foto_001-1-800x359.jpg 800w, https:\/\/www.sklepik.szkolasztutowo.pl\/wp-content\/uploads\/2021\/07\/foto_001-1-80x36.jpg 80w, https:\/\/www.sklepik.szkolasztutowo.pl\/wp-content\/uploads\/2021\/07\/foto_001-1.jpg 2005w\" sizes=\"auto, (max-width: 1024px) 100vw, 1024px\" \/><\/div><a class=\"wp-block-latest-posts__post-title\" href=\"https:\/\/www.sklepik.szkolasztutowo.pl\/index.php\/2025\/08\/25\/wakacje-trwaja-a-my-intensywnie-dzialamy\/\">Wakacje trwaj\u0105, a my\u2026 intensywnie dzia\u0142amy!<\/a><time datetime=\"2025-08-25T19:06:00+02:00\" class=\"wp-block-latest-posts__post-date\">2025-08-25<\/time><div class=\"wp-block-latest-posts__post-excerpt\">Cho\u0107 lato w pe\u0142ni, grupa inicjuj\u0105ca powstanie Sp\u00f3\u0142dzielni Uczniowskiej&nbsp;\u201eKreatywni Przedsi\u0119biorcy\u201d nie pr\u00f3\u017cnuje. Zastanawiamy si\u0119, jak najlepiej&nbsp;wykorzysta\u0107 sprz\u0119t, kt\u00f3ry zakupimy w ramach dzia\u0142a\u0144 projektowych, aby&nbsp;ju\u017c wkr\u00f3tce stworzy\u0107 pierwsze prototypy produkt\u00f3w do\u2026 <a class=\"wp-block-latest-posts__read-more\" href=\"https:\/\/www.sklepik.szkolasztutowo.pl\/index.php\/2025\/08\/25\/wakacje-trwaja-a-my-intensywnie-dzialamy\/\" rel=\"noopener noreferrer\">Dowiedz si\u0119 wi\u0119cej<span class=\"screen-reader-text\">: Wakacje trwaj\u0105, a my\u2026 intensywnie dzia\u0142amy!<\/span><\/a><\/div><\/li>\n<li><div class=\"wp-block-latest-posts__featured-image aligncenter\"><img loading=\"lazy\" decoding=\"async\" width=\"1024\" height=\"463\" src=\"https:\/\/www.sklepik.szkolasztutowo.pl\/wp-content\/uploads\/2021\/07\/AS-1024x463.png\" class=\"attachment-large size-large wp-post-image\" alt=\"\" style=\"max-width:512px;max-height:512px;\" srcset=\"https:\/\/www.sklepik.szkolasztutowo.pl\/wp-content\/uploads\/2021\/07\/AS-1024x463.png 1024w, https:\/\/www.sklepik.szkolasztutowo.pl\/wp-content\/uploads\/2021\/07\/AS-300x136.png 300w, https:\/\/www.sklepik.szkolasztutowo.pl\/wp-content\/uploads\/2021\/07\/AS-768x348.png 768w, https:\/\/www.sklepik.szkolasztutowo.pl\/wp-content\/uploads\/2021\/07\/AS-1536x695.png 1536w, https:\/\/www.sklepik.szkolasztutowo.pl\/wp-content\/uploads\/2021\/07\/AS-1140x516.png 1140w, https:\/\/www.sklepik.szkolasztutowo.pl\/wp-content\/uploads\/2021\/07\/AS-920x416.png 920w, https:\/\/www.sklepik.szkolasztutowo.pl\/wp-content\/uploads\/2021\/07\/AS-575x260.png 575w, https:\/\/www.sklepik.szkolasztutowo.pl\/wp-content\/uploads\/2021\/07\/AS-380x172.png 380w, https:\/\/www.sklepik.szkolasztutowo.pl\/wp-content\/uploads\/2021\/07\/AS-420x190.png 420w, https:\/\/www.sklepik.szkolasztutowo.pl\/wp-content\/uploads\/2021\/07\/AS-800x362.png 800w, https:\/\/www.sklepik.szkolasztutowo.pl\/wp-content\/uploads\/2021\/07\/AS-80x36.png 80w, https:\/\/www.sklepik.szkolasztutowo.pl\/wp-content\/uploads\/2021\/07\/AS.png 2026w\" sizes=\"auto, (max-width: 1024px) 100vw, 1024px\" \/><\/div><a class=\"wp-block-latest-posts__post-title\" href=\"https:\/\/www.sklepik.szkolasztutowo.pl\/index.php\/2025\/06\/04\/podpisanieumowy\/\">Uroczyste podpisanie umowy dzi\u0119ki wsp\u00f3\u0142pracy z Fundacj\u0105 Strefa Mocy!<\/a><time datetime=\"2025-06-04T19:06:00+02:00\" class=\"wp-block-latest-posts__post-date\">2025-06-04<\/time><div class=\"wp-block-latest-posts__post-excerpt\">Z rado\u015bci\u0105 informujemy, \u017ce dzi\u0119ki naszemu partnerowi \u2013 Fundacji Strefa Mocy \u2013 mogli\u015bmy uroczy\u015bcie podpisa\u0107 umow\u0119 dotycz\u0105c\u0105 realizacji dzia\u0142a\u0144 Sp\u00f3\u0142dzielni Uczniowskiej \u201eKreatywni Przedsi\u0119biorcy\u201d.To wa\u017cny moment, kt\u00f3ry oficjalnie otwiera drog\u0119 do\u2026 <a class=\"wp-block-latest-posts__read-more\" href=\"https:\/\/www.sklepik.szkolasztutowo.pl\/index.php\/2025\/06\/04\/podpisanieumowy\/\" rel=\"noopener noreferrer\">Dowiedz si\u0119 wi\u0119cej<span class=\"screen-reader-text\">: Uroczyste podpisanie umowy dzi\u0119ki wsp\u00f3\u0142pracy z Fundacj\u0105 Strefa Mocy!<\/span><\/a><\/div><\/li>\n<li><div class=\"wp-block-latest-posts__featured-image aligncenter\"><img loading=\"lazy\" decoding=\"async\" width=\"1024\" height=\"460\" src=\"https:\/\/www.sklepik.szkolasztutowo.pl\/wp-content\/uploads\/2025\/11\/foto_002-1024x460.jpg\" class=\"attachment-large size-large wp-post-image\" alt=\"zdj\u0119cie laptopa z po\u0142\u0105czeniem on-line\" style=\"max-width:512px;max-height:512px;\" srcset=\"https:\/\/www.sklepik.szkolasztutowo.pl\/wp-content\/uploads\/2025\/11\/foto_002-1024x460.jpg 1024w, https:\/\/www.sklepik.szkolasztutowo.pl\/wp-content\/uploads\/2025\/11\/foto_002-300x135.jpg 300w, https:\/\/www.sklepik.szkolasztutowo.pl\/wp-content\/uploads\/2025\/11\/foto_002-768x345.jpg 768w, https:\/\/www.sklepik.szkolasztutowo.pl\/wp-content\/uploads\/2025\/11\/foto_002-1536x690.jpg 1536w, https:\/\/www.sklepik.szkolasztutowo.pl\/wp-content\/uploads\/2025\/11\/foto_002-1140x512.jpg 1140w, https:\/\/www.sklepik.szkolasztutowo.pl\/wp-content\/uploads\/2025\/11\/foto_002-920x413.jpg 920w, https:\/\/www.sklepik.szkolasztutowo.pl\/wp-content\/uploads\/2025\/11\/foto_002-575x258.jpg 575w, https:\/\/www.sklepik.szkolasztutowo.pl\/wp-content\/uploads\/2025\/11\/foto_002-380x171.jpg 380w, https:\/\/www.sklepik.szkolasztutowo.pl\/wp-content\/uploads\/2025\/11\/foto_002-420x189.jpg 420w, https:\/\/www.sklepik.szkolasztutowo.pl\/wp-content\/uploads\/2025\/11\/foto_002-800x359.jpg 800w, https:\/\/www.sklepik.szkolasztutowo.pl\/wp-content\/uploads\/2025\/11\/foto_002-80x36.jpg 80w, https:\/\/www.sklepik.szkolasztutowo.pl\/wp-content\/uploads\/2025\/11\/foto_002.jpg 2003w\" sizes=\"auto, (max-width: 1024px) 100vw, 1024px\" \/><\/div><a class=\"wp-block-latest-posts__post-title\" href=\"https:\/\/www.sklepik.szkolasztutowo.pl\/index.php\/2025\/05\/30\/zaczynamyprojekt\/\">Zaczynamy projekt!<\/a><time datetime=\"2025-05-30T11:54:00+02:00\" class=\"wp-block-latest-posts__post-date\">2025-05-30<\/time><div class=\"wp-block-latest-posts__post-excerpt\">W ramach konkursu m\u0142odzie\u017cowego AKUMULATOR SPO\u0141ECZNY 2025, og\u0142oszonego przez Fundusz AKUMULATOR SPO\u0141ECZNY \u2013 Pomorsk\u0105 Sie\u0107 Centr\u00f3w Organizacji Pozarz\u0105dowych, obronili\u015bmy nasz pomys\u0142 i zdobyli\u015bmy dotacj\u0119 w wysoko\u015bci 5900 z\u0142 na uruchomienie\u2026 <a class=\"wp-block-latest-posts__read-more\" href=\"https:\/\/www.sklepik.szkolasztutowo.pl\/index.php\/2025\/05\/30\/zaczynamyprojekt\/\" rel=\"noopener noreferrer\">Dowiedz si\u0119 wi\u0119cej<span class=\"screen-reader-text\">: Zaczynamy projekt!<\/span><\/a><\/div><\/li>\n<\/ul><\/div><\/div>\n","protected":false},"excerpt":{"rendered":"","protected":false},"author":1,"featured_media":0,"parent":0,"menu_order":0,"comment_status":"closed","ping_status":"closed","template":"","meta":{"footnotes":""},"class_list":["post-393","page","type-page","status-publish","hentry"],"jetpack_sharing_enabled":true,"_links":{"self":[{"href":"https:\/\/www.sklepik.szkolasztutowo.pl\/index.php\/wp-json\/wp\/v2\/pages\/393","targetHints":{"allow":["GET"]}}],"collection":[{"href":"https:\/\/www.sklepik.szkolasztutowo.pl\/index.php\/wp-json\/wp\/v2\/pages"}],"about":[{"href":"https:\/\/www.sklepik.szkolasztutowo.pl\/index.php\/wp-json\/wp\/v2\/types\/page"}],"author":[{"embeddable":true,"href":"https:\/\/www.sklepik.szkolasztutowo.pl\/index.php\/wp-json\/wp\/v2\/users\/1"}],"replies":[{"embeddable":true,"href":"https:\/\/www.sklepik.szkolasztutowo.pl\/index.php\/wp-json\/wp\/v2\/comments?post=393"}],"version-history":[{"count":11,"href":"https:\/\/www.sklepik.szkolasztutowo.pl\/index.php\/wp-json\/wp\/v2\/pages\/393\/revisions"}],"predecessor-version":[{"id":583,"href":"https:\/\/www.sklepik.szkolasztutowo.pl\/index.php\/wp-json\/wp\/v2\/pages\/393\/revisions\/583"}],"wp:attachment":[{"href":"https:\/\/www.sklepik.szkolasztutowo.pl\/index.php\/wp-json\/wp\/v2\/media?parent=393"}],"curies":[{"name":"wp","href":"https:\/\/api.w.org\/{rel}","templated":true}]}}