{"id":362,"date":"2021-08-17T17:03:43","date_gmt":"2021-08-17T17:03:43","guid":{"rendered":"https:\/\/demo.athemes.com\/botiga\/?page_id=362"},"modified":"2025-12-01T01:29:51","modified_gmt":"2025-12-01T00:29:51","slug":"home-2","status":"publish","type":"page","link":"https:\/\/www.sklepik.szkolasztutowo.pl\/","title":{"rendered":"Strona g\u0142\u00f3wna"},"content":{"rendered":"\n<p><\/p>\n\n\n\n<p class=\"has-text-align-center\"><strong>Dopiero si\u0119 uczymy, jak prowadzi\u0107 sklep internetowy,  dlatego prosimy o wyrozumia\u0142o\u015b\u0107. Ka\u017cda uwaga i odrobina cierpliwo\u015bci b\u0119d\u0105 dla nas cenn\u0105 lekcj\u0105.<\/strong><\/p>\n\n\n\n<div id=\"athemes-blocks-block-7b0d09f4\" class=\"wp-block-athemes-athemes-blocks-block-container athemes-blocks-block athemes-blocks-block-7b0d09f4 athemes-blocks-block-container alignfull\"><div class=\"athemes-blocks-block-container-wrapper athemes-blocks-block-container-bg-cover athemes-blocks-block-container-bg-effect-scroll\"><img loading=\"lazy\" decoding=\"async\" class=\"athemes-blocks-background-image\" width=\"2560\" height=\"1434\" src=\"https:\/\/www.sklepik.szkolasztutowo.pl\/wp-content\/uploads\/2025\/11\/stworz-podobny-obraz-w-stylu-realistyczny-jasne-tlo-prezent-po-lewej-stronie-1.jpg\" srcset=\"https:\/\/www.sklepik.szkolasztutowo.pl\/wp-content\/uploads\/2025\/11\/stworz-podobny-obraz-w-stylu-realistyczny-jasne-tlo-prezent-po-lewej-stronie-1-150x150.jpg 150w, https:\/\/www.sklepik.szkolasztutowo.pl\/wp-content\/uploads\/2025\/11\/stworz-podobny-obraz-w-stylu-realistyczny-jasne-tlo-prezent-po-lewej-stronie-1-300x168.jpg 300w, https:\/\/www.sklepik.szkolasztutowo.pl\/wp-content\/uploads\/2025\/11\/stworz-podobny-obraz-w-stylu-realistyczny-jasne-tlo-prezent-po-lewej-stronie-1-1024x573.jpg 1024w, https:\/\/www.sklepik.szkolasztutowo.pl\/wp-content\/uploads\/2025\/11\/stworz-podobny-obraz-w-stylu-realistyczny-jasne-tlo-prezent-po-lewej-stronie-1-scaled.jpg 2560w, \" sizes=\"auto, (max-width: 2560px) 100vw, 2560px\" alt=\"t\u0142o prezent \u015bwi\u0105teczny\"\/><div class=\"athemes-blocks-block-container-wrapper-content\">\n<div class=\"wp-block-columns is-layout-flex wp-container-core-columns-is-layout-28f84493 wp-block-columns-is-layout-flex\">\n<div class=\"wp-block-column is-layout-flow wp-block-column-is-layout-flow\" style=\"flex-basis:66.66%\">\n<h6 class=\"wp-block-heading has-gigantic-font-size\">Twoje zakupy tworz\u0105 przysz\u0142o\u015b\u0107<\/h6>\n\n\n\n<p><strong>Kupuj\u0105c produkty Sp\u00f3\u0142dzielni Uczniowskiej  wspierasz edukacj\u0119, kreatywno\u015b\u0107<\/strong><br><strong> i lokalne inicjatywy.<\/strong><\/p>\n\n\n\n<div class=\"wp-block-buttons is-layout-flex wp-block-buttons-is-layout-flex\">\n<div class=\"wp-block-button\"><a class=\"wp-block-button__link wp-element-button\" href=\"https:\/\/www.sklepik.szkolasztutowo.pl\/index.php\/shop\/\">Kup i wspieraj<\/a><\/div>\n<\/div>\n<\/div>\n\n\n\n<div class=\"wp-block-column is-layout-flow wp-block-column-is-layout-flow\" style=\"flex-basis:33.33%\"><\/div>\n<\/div>\n<\/div><\/div><\/div>\n\n\n\n<div style=\"height:100px\" aria-hidden=\"true\" class=\"wp-block-spacer\"><\/div>\n\n\n\n<h3 class=\"wp-block-heading has-text-align-center\">Kategorie produkt\u00f3w<\/h3>\n\n\n\n<p class=\"has-text-align-center\">Nasze produkty powstaj\u0105 w Sp\u00f3\u0142dzielni Uczniowskiej \u201eKreatywni Przedsi\u0119biorcy\u201d, gdzie uczniowie z pasj\u0105 ucz\u0105 si\u0119 marketingu, zarz\u0105dzania i realnych podstaw biznesu. Ka\u017cdy przedmiot jest wykonywany r\u0119cznie, z sercem i pe\u0142nym zaanga\u017cowaniem. Wybieraj\u0105c nasze wyroby, wspierasz rozw\u00f3j m\u0142odych przedsi\u0119biorc\u00f3w oraz ich edukacj\u0119 w zakresie przedsi\u0119biorczo\u015bci.<\/p>\n\n\n\n<div class=\"wp-block-columns is-layout-flex wp-container-core-columns-is-layout-28f84493 wp-block-columns-is-layout-flex\">\n<div class=\"wp-block-column is-layout-flow wp-block-column-is-layout-flow\"><div class=\"wp-block-image\">\n<figure class=\"aligncenter size-full\"><a href=\"https:\/\/www.sklepik.szkolasztutowo.pl\/index.php\/okolicznosciowe-perelki\/\"><img loading=\"lazy\" decoding=\"async\" width=\"896\" height=\"896\" src=\"https:\/\/www.sklepik.szkolasztutowo.pl\/wp-content\/uploads\/2025\/11\/rozmiar-obrazu-767-px-na-767-px-pudelko-prezentowe-swiateczne-z-okienkiem-wewnatrz-swieczki-swiateczne-typu-choinka-renifer-gwiazdka-biale.-tlo-czerwone-1-1.jpg\" alt=\"\" class=\"wp-image-458\" srcset=\"https:\/\/www.sklepik.szkolasztutowo.pl\/wp-content\/uploads\/2025\/11\/rozmiar-obrazu-767-px-na-767-px-pudelko-prezentowe-swiateczne-z-okienkiem-wewnatrz-swieczki-swiateczne-typu-choinka-renifer-gwiazdka-biale.-tlo-czerwone-1-1.jpg 896w, https:\/\/www.sklepik.szkolasztutowo.pl\/wp-content\/uploads\/2025\/11\/rozmiar-obrazu-767-px-na-767-px-pudelko-prezentowe-swiateczne-z-okienkiem-wewnatrz-swieczki-swiateczne-typu-choinka-renifer-gwiazdka-biale.-tlo-czerwone-1-1-300x300.jpg 300w, https:\/\/www.sklepik.szkolasztutowo.pl\/wp-content\/uploads\/2025\/11\/rozmiar-obrazu-767-px-na-767-px-pudelko-prezentowe-swiateczne-z-okienkiem-wewnatrz-swieczki-swiateczne-typu-choinka-renifer-gwiazdka-biale.-tlo-czerwone-1-1-150x150.jpg 150w, https:\/\/www.sklepik.szkolasztutowo.pl\/wp-content\/uploads\/2025\/11\/rozmiar-obrazu-767-px-na-767-px-pudelko-prezentowe-swiateczne-z-okienkiem-wewnatrz-swieczki-swiateczne-typu-choinka-renifer-gwiazdka-biale.-tlo-czerwone-1-1-768x768.jpg 768w, https:\/\/www.sklepik.szkolasztutowo.pl\/wp-content\/uploads\/2025\/11\/rozmiar-obrazu-767-px-na-767-px-pudelko-prezentowe-swiateczne-z-okienkiem-wewnatrz-swieczki-swiateczne-typu-choinka-renifer-gwiazdka-biale.-tlo-czerwone-1-1-575x575.jpg 575w, https:\/\/www.sklepik.szkolasztutowo.pl\/wp-content\/uploads\/2025\/11\/rozmiar-obrazu-767-px-na-767-px-pudelko-prezentowe-swiateczne-z-okienkiem-wewnatrz-swieczki-swiateczne-typu-choinka-renifer-gwiazdka-biale.-tlo-czerwone-1-1-380x380.jpg 380w, https:\/\/www.sklepik.szkolasztutowo.pl\/wp-content\/uploads\/2025\/11\/rozmiar-obrazu-767-px-na-767-px-pudelko-prezentowe-swiateczne-z-okienkiem-wewnatrz-swieczki-swiateczne-typu-choinka-renifer-gwiazdka-biale.-tlo-czerwone-1-1-420x420.jpg 420w, https:\/\/www.sklepik.szkolasztutowo.pl\/wp-content\/uploads\/2025\/11\/rozmiar-obrazu-767-px-na-767-px-pudelko-prezentowe-swiateczne-z-okienkiem-wewnatrz-swieczki-swiateczne-typu-choinka-renifer-gwiazdka-biale.-tlo-czerwone-1-1-800x800.jpg 800w, https:\/\/www.sklepik.szkolasztutowo.pl\/wp-content\/uploads\/2025\/11\/rozmiar-obrazu-767-px-na-767-px-pudelko-prezentowe-swiateczne-z-okienkiem-wewnatrz-swieczki-swiateczne-typu-choinka-renifer-gwiazdka-biale.-tlo-czerwone-1-1-100x100.jpg 100w, https:\/\/www.sklepik.szkolasztutowo.pl\/wp-content\/uploads\/2025\/11\/rozmiar-obrazu-767-px-na-767-px-pudelko-prezentowe-swiateczne-z-okienkiem-wewnatrz-swieczki-swiateczne-typu-choinka-renifer-gwiazdka-biale.-tlo-czerwone-1-1-80x80.jpg 80w\" sizes=\"auto, (max-width: 896px) 100vw, 896px\" \/><\/a><\/figure><\/div>\n\n\n<p class=\"has-text-align-center\"><a href=\"https:\/\/www.sklepik.szkolasztutowo.pl\/index.php\/okolicznosciowe-perelki\/\">Okoliczno\u015bciowe pere\u0142ki<\/a><\/p>\n<\/div>\n\n\n\n<div class=\"wp-block-column is-layout-flow wp-block-column-is-layout-flow\"><div class=\"wp-block-image\">\n<figure class=\"aligncenter size-full\"><a href=\"https:\/\/www.sklepik.szkolasztutowo.pl\/index.php\/w-twoim-charakterze\/\"><img loading=\"lazy\" decoding=\"async\" width=\"896\" height=\"896\" src=\"https:\/\/www.sklepik.szkolasztutowo.pl\/wp-content\/uploads\/2025\/11\/bialy-kubek-z-napisem-Twoje-logo-na-czerwonym-tle.jpg\" alt=\"\" class=\"wp-image-459\" srcset=\"https:\/\/www.sklepik.szkolasztutowo.pl\/wp-content\/uploads\/2025\/11\/bialy-kubek-z-napisem-Twoje-logo-na-czerwonym-tle.jpg 896w, https:\/\/www.sklepik.szkolasztutowo.pl\/wp-content\/uploads\/2025\/11\/bialy-kubek-z-napisem-Twoje-logo-na-czerwonym-tle-300x300.jpg 300w, https:\/\/www.sklepik.szkolasztutowo.pl\/wp-content\/uploads\/2025\/11\/bialy-kubek-z-napisem-Twoje-logo-na-czerwonym-tle-150x150.jpg 150w, https:\/\/www.sklepik.szkolasztutowo.pl\/wp-content\/uploads\/2025\/11\/bialy-kubek-z-napisem-Twoje-logo-na-czerwonym-tle-768x768.jpg 768w, https:\/\/www.sklepik.szkolasztutowo.pl\/wp-content\/uploads\/2025\/11\/bialy-kubek-z-napisem-Twoje-logo-na-czerwonym-tle-575x575.jpg 575w, https:\/\/www.sklepik.szkolasztutowo.pl\/wp-content\/uploads\/2025\/11\/bialy-kubek-z-napisem-Twoje-logo-na-czerwonym-tle-380x380.jpg 380w, https:\/\/www.sklepik.szkolasztutowo.pl\/wp-content\/uploads\/2025\/11\/bialy-kubek-z-napisem-Twoje-logo-na-czerwonym-tle-420x420.jpg 420w, https:\/\/www.sklepik.szkolasztutowo.pl\/wp-content\/uploads\/2025\/11\/bialy-kubek-z-napisem-Twoje-logo-na-czerwonym-tle-800x800.jpg 800w, https:\/\/www.sklepik.szkolasztutowo.pl\/wp-content\/uploads\/2025\/11\/bialy-kubek-z-napisem-Twoje-logo-na-czerwonym-tle-100x100.jpg 100w, https:\/\/www.sklepik.szkolasztutowo.pl\/wp-content\/uploads\/2025\/11\/bialy-kubek-z-napisem-Twoje-logo-na-czerwonym-tle-80x80.jpg 80w\" sizes=\"auto, (max-width: 896px) 100vw, 896px\" \/><\/a><\/figure><\/div>\n\n\n<p class=\"has-text-align-center\"><a href=\"https:\/\/www.sklepik.szkolasztutowo.pl\/index.php\/w-twoim-charakterze\/\">W Twoim charakterze<\/a><\/p>\n<\/div>\n\n\n\n<div class=\"wp-block-column is-layout-flow wp-block-column-is-layout-flow\"><div class=\"wp-block-image\">\n<figure class=\"aligncenter size-full\"><a href=\"https:\/\/www.sklepik.szkolasztutowo.pl\/index.php\/uchwycone-chwile\/\"><img loading=\"lazy\" decoding=\"async\" width=\"896\" height=\"896\" src=\"https:\/\/www.sklepik.szkolasztutowo.pl\/wp-content\/uploads\/2025\/11\/magnesy-okragle-56-mm-w-prezentowym-pudelku-4-sztuki-na-magnesach-rysunki-namalowane-przez-dzieci-calosc-na-czerwonym-tle.jpg\" alt=\"\" class=\"wp-image-460\" srcset=\"https:\/\/www.sklepik.szkolasztutowo.pl\/wp-content\/uploads\/2025\/11\/magnesy-okragle-56-mm-w-prezentowym-pudelku-4-sztuki-na-magnesach-rysunki-namalowane-przez-dzieci-calosc-na-czerwonym-tle.jpg 896w, https:\/\/www.sklepik.szkolasztutowo.pl\/wp-content\/uploads\/2025\/11\/magnesy-okragle-56-mm-w-prezentowym-pudelku-4-sztuki-na-magnesach-rysunki-namalowane-przez-dzieci-calosc-na-czerwonym-tle-300x300.jpg 300w, https:\/\/www.sklepik.szkolasztutowo.pl\/wp-content\/uploads\/2025\/11\/magnesy-okragle-56-mm-w-prezentowym-pudelku-4-sztuki-na-magnesach-rysunki-namalowane-przez-dzieci-calosc-na-czerwonym-tle-150x150.jpg 150w, https:\/\/www.sklepik.szkolasztutowo.pl\/wp-content\/uploads\/2025\/11\/magnesy-okragle-56-mm-w-prezentowym-pudelku-4-sztuki-na-magnesach-rysunki-namalowane-przez-dzieci-calosc-na-czerwonym-tle-768x768.jpg 768w, https:\/\/www.sklepik.szkolasztutowo.pl\/wp-content\/uploads\/2025\/11\/magnesy-okragle-56-mm-w-prezentowym-pudelku-4-sztuki-na-magnesach-rysunki-namalowane-przez-dzieci-calosc-na-czerwonym-tle-575x575.jpg 575w, https:\/\/www.sklepik.szkolasztutowo.pl\/wp-content\/uploads\/2025\/11\/magnesy-okragle-56-mm-w-prezentowym-pudelku-4-sztuki-na-magnesach-rysunki-namalowane-przez-dzieci-calosc-na-czerwonym-tle-380x380.jpg 380w, https:\/\/www.sklepik.szkolasztutowo.pl\/wp-content\/uploads\/2025\/11\/magnesy-okragle-56-mm-w-prezentowym-pudelku-4-sztuki-na-magnesach-rysunki-namalowane-przez-dzieci-calosc-na-czerwonym-tle-420x420.jpg 420w, https:\/\/www.sklepik.szkolasztutowo.pl\/wp-content\/uploads\/2025\/11\/magnesy-okragle-56-mm-w-prezentowym-pudelku-4-sztuki-na-magnesach-rysunki-namalowane-przez-dzieci-calosc-na-czerwonym-tle-800x800.jpg 800w, https:\/\/www.sklepik.szkolasztutowo.pl\/wp-content\/uploads\/2025\/11\/magnesy-okragle-56-mm-w-prezentowym-pudelku-4-sztuki-na-magnesach-rysunki-namalowane-przez-dzieci-calosc-na-czerwonym-tle-100x100.jpg 100w, https:\/\/www.sklepik.szkolasztutowo.pl\/wp-content\/uploads\/2025\/11\/magnesy-okragle-56-mm-w-prezentowym-pudelku-4-sztuki-na-magnesach-rysunki-namalowane-przez-dzieci-calosc-na-czerwonym-tle-80x80.jpg 80w\" sizes=\"auto, (max-width: 896px) 100vw, 896px\" \/><\/a><\/figure><\/div>\n\n\n<p class=\"has-text-align-center\"><a href=\"https:\/\/www.sklepik.szkolasztutowo.pl\/index.php\/uchwycone-chwile\/\">Uchwycone chwile<\/a><\/p>\n<\/div>\n\n\n\n<div class=\"wp-block-column is-layout-flow wp-block-column-is-layout-flow\"><div class=\"wp-block-image\">\n<figure class=\"aligncenter size-full\"><a href=\"https:\/\/www.sklepik.szkolasztutowo.pl\/index.php\/upominki\/\"><img loading=\"lazy\" decoding=\"async\" width=\"893\" height=\"896\" src=\"https:\/\/www.sklepik.szkolasztutowo.pl\/wp-content\/uploads\/2025\/11\/mydelka-w-ksztalcie-kwiatow-rozy-oraz-swieczka-w-ksztalcie-gwiazdki-na-czerwonym-tle.jpg\" alt=\"\" class=\"wp-image-461\" srcset=\"https:\/\/www.sklepik.szkolasztutowo.pl\/wp-content\/uploads\/2025\/11\/mydelka-w-ksztalcie-kwiatow-rozy-oraz-swieczka-w-ksztalcie-gwiazdki-na-czerwonym-tle.jpg 893w, https:\/\/www.sklepik.szkolasztutowo.pl\/wp-content\/uploads\/2025\/11\/mydelka-w-ksztalcie-kwiatow-rozy-oraz-swieczka-w-ksztalcie-gwiazdki-na-czerwonym-tle-300x300.jpg 300w, https:\/\/www.sklepik.szkolasztutowo.pl\/wp-content\/uploads\/2025\/11\/mydelka-w-ksztalcie-kwiatow-rozy-oraz-swieczka-w-ksztalcie-gwiazdki-na-czerwonym-tle-150x150.jpg 150w, https:\/\/www.sklepik.szkolasztutowo.pl\/wp-content\/uploads\/2025\/11\/mydelka-w-ksztalcie-kwiatow-rozy-oraz-swieczka-w-ksztalcie-gwiazdki-na-czerwonym-tle-768x771.jpg 768w, https:\/\/www.sklepik.szkolasztutowo.pl\/wp-content\/uploads\/2025\/11\/mydelka-w-ksztalcie-kwiatow-rozy-oraz-swieczka-w-ksztalcie-gwiazdki-na-czerwonym-tle-575x577.jpg 575w, https:\/\/www.sklepik.szkolasztutowo.pl\/wp-content\/uploads\/2025\/11\/mydelka-w-ksztalcie-kwiatow-rozy-oraz-swieczka-w-ksztalcie-gwiazdki-na-czerwonym-tle-380x381.jpg 380w, https:\/\/www.sklepik.szkolasztutowo.pl\/wp-content\/uploads\/2025\/11\/mydelka-w-ksztalcie-kwiatow-rozy-oraz-swieczka-w-ksztalcie-gwiazdki-na-czerwonym-tle-420x421.jpg 420w, https:\/\/www.sklepik.szkolasztutowo.pl\/wp-content\/uploads\/2025\/11\/mydelka-w-ksztalcie-kwiatow-rozy-oraz-swieczka-w-ksztalcie-gwiazdki-na-czerwonym-tle-800x803.jpg 800w, https:\/\/www.sklepik.szkolasztutowo.pl\/wp-content\/uploads\/2025\/11\/mydelka-w-ksztalcie-kwiatow-rozy-oraz-swieczka-w-ksztalcie-gwiazdki-na-czerwonym-tle-100x100.jpg 100w, https:\/\/www.sklepik.szkolasztutowo.pl\/wp-content\/uploads\/2025\/11\/mydelka-w-ksztalcie-kwiatow-rozy-oraz-swieczka-w-ksztalcie-gwiazdki-na-czerwonym-tle-80x80.jpg 80w\" sizes=\"auto, (max-width: 893px) 100vw, 893px\" \/><\/a><\/figure><\/div>\n\n\n<p class=\"has-text-align-center\"><a href=\"https:\/\/www.sklepik.szkolasztutowo.pl\/index.php\/upominki\/\">Upominki<\/a><\/p>\n<\/div>\n\n\n\n<div class=\"wp-block-column is-layout-flow wp-block-column-is-layout-flow\"><div class=\"wp-block-image\">\n<figure class=\"aligncenter size-full\"><a href=\"https:\/\/www.sklepik.szkolasztutowo.pl\/index.php\/szkolne-przydasie\/\"><img loading=\"lazy\" decoding=\"async\" width=\"896\" height=\"896\" src=\"https:\/\/www.sklepik.szkolasztutowo.pl\/wp-content\/uploads\/2025\/11\/linijka-szkolna-na-czerwonym-tle.jpg\" alt=\"\" class=\"wp-image-462\" srcset=\"https:\/\/www.sklepik.szkolasztutowo.pl\/wp-content\/uploads\/2025\/11\/linijka-szkolna-na-czerwonym-tle.jpg 896w, https:\/\/www.sklepik.szkolasztutowo.pl\/wp-content\/uploads\/2025\/11\/linijka-szkolna-na-czerwonym-tle-300x300.jpg 300w, https:\/\/www.sklepik.szkolasztutowo.pl\/wp-content\/uploads\/2025\/11\/linijka-szkolna-na-czerwonym-tle-150x150.jpg 150w, https:\/\/www.sklepik.szkolasztutowo.pl\/wp-content\/uploads\/2025\/11\/linijka-szkolna-na-czerwonym-tle-768x768.jpg 768w, https:\/\/www.sklepik.szkolasztutowo.pl\/wp-content\/uploads\/2025\/11\/linijka-szkolna-na-czerwonym-tle-575x575.jpg 575w, https:\/\/www.sklepik.szkolasztutowo.pl\/wp-content\/uploads\/2025\/11\/linijka-szkolna-na-czerwonym-tle-380x380.jpg 380w, https:\/\/www.sklepik.szkolasztutowo.pl\/wp-content\/uploads\/2025\/11\/linijka-szkolna-na-czerwonym-tle-420x420.jpg 420w, https:\/\/www.sklepik.szkolasztutowo.pl\/wp-content\/uploads\/2025\/11\/linijka-szkolna-na-czerwonym-tle-800x800.jpg 800w, https:\/\/www.sklepik.szkolasztutowo.pl\/wp-content\/uploads\/2025\/11\/linijka-szkolna-na-czerwonym-tle-100x100.jpg 100w, https:\/\/www.sklepik.szkolasztutowo.pl\/wp-content\/uploads\/2025\/11\/linijka-szkolna-na-czerwonym-tle-80x80.jpg 80w\" sizes=\"auto, (max-width: 896px) 100vw, 896px\" \/><\/a><\/figure><\/div>\n\n\n<p class=\"has-text-align-center\"><a href=\"https:\/\/www.sklepik.szkolasztutowo.pl\/index.php\/szkolne-przydasie\/\">Szkolne przydasie<\/a><\/p>\n<\/div>\n<\/div>\n\n\n\n<div style=\"height:90px\" aria-hidden=\"true\" class=\"wp-block-spacer\"><\/div>\n\n\n\n<figure class=\"wp-block-image size-large\"><img loading=\"lazy\" decoding=\"async\" width=\"1024\" height=\"114\" src=\"https:\/\/www.sklepik.szkolasztutowo.pl\/wp-content\/uploads\/2025\/11\/MAS-zestaw-znakow-z-AS-i-PS-COP-1024x114.png\" alt=\"M\u0142odzie\u017cowy Akumulator Spo\u0142eczny zestaw znak\u00f3w z AS i PS COP\" class=\"wp-image-8\" srcset=\"https:\/\/www.sklepik.szkolasztutowo.pl\/wp-content\/uploads\/2025\/11\/MAS-zestaw-znakow-z-AS-i-PS-COP-1024x114.png 1024w, https:\/\/www.sklepik.szkolasztutowo.pl\/wp-content\/uploads\/2025\/11\/MAS-zestaw-znakow-z-AS-i-PS-COP-420x47.png 420w, https:\/\/www.sklepik.szkolasztutowo.pl\/wp-content\/uploads\/2025\/11\/MAS-zestaw-znakow-z-AS-i-PS-COP-800x89.png 800w, https:\/\/www.sklepik.szkolasztutowo.pl\/wp-content\/uploads\/2025\/11\/MAS-zestaw-znakow-z-AS-i-PS-COP-300x34.png 300w, https:\/\/www.sklepik.szkolasztutowo.pl\/wp-content\/uploads\/2025\/11\/MAS-zestaw-znakow-z-AS-i-PS-COP-768x86.png 768w, https:\/\/www.sklepik.szkolasztutowo.pl\/wp-content\/uploads\/2025\/11\/MAS-zestaw-znakow-z-AS-i-PS-COP-1140x127.png 1140w, https:\/\/www.sklepik.szkolasztutowo.pl\/wp-content\/uploads\/2025\/11\/MAS-zestaw-znakow-z-AS-i-PS-COP-920x103.png 920w, https:\/\/www.sklepik.szkolasztutowo.pl\/wp-content\/uploads\/2025\/11\/MAS-zestaw-znakow-z-AS-i-PS-COP-575x64.png 575w, https:\/\/www.sklepik.szkolasztutowo.pl\/wp-content\/uploads\/2025\/11\/MAS-zestaw-znakow-z-AS-i-PS-COP-380x42.png 380w, https:\/\/www.sklepik.szkolasztutowo.pl\/wp-content\/uploads\/2025\/11\/MAS-zestaw-znakow-z-AS-i-PS-COP.png 1414w\" sizes=\"auto, (max-width: 1024px) 100vw, 1024px\" \/><\/figure>\n\n\n\n<p class=\"has-text-align-center has-small-font-size\"><strong>Projekt dofinansowano w ramach,&nbsp;Nowy AKUMULATOR SPO\u0141ECZNY 2025 \u2013 konkurs m\u0142odzie\u017cowy, dofinansowanym ze \u015brodk\u00f3w Narodowego Instytutu Wolno\u015bci \u2013 Centrum Rozwoju Spo\u0142ecze\u0144stwa Obywatelskiego w ramach Rz\u0105dowego Programu Fundusz M\u0142odzie\u017cowy na lata 2022\u20132033<\/strong><\/p>\n\n\n\n<p class=\"has-small-font-size\"><\/p>\n\n\n\n<p><\/p>\n","protected":false},"excerpt":{"rendered":"<p>Dopiero si\u0119 uczymy, jak prowadzi\u0107 sklep internetowy, dlatego prosimy o wyrozumia\u0142o\u015b\u0107. Ka\u017cda uwaga i odrobina cierpliwo\u015bci b\u0119d\u0105 dla nas cenn\u0105 lekcj\u0105. Kategorie produkt\u00f3w Nasze produkty powstaj\u0105 w Sp\u00f3\u0142dzielni Uczniowskiej \u201eKreatywni [&hellip;]<\/p>\n","protected":false},"author":1,"featured_media":0,"parent":0,"menu_order":0,"comment_status":"closed","ping_status":"closed","template":"","meta":{"footnotes":""},"class_list":["post-362","page","type-page","status-publish","hentry"],"jetpack_sharing_enabled":true,"_links":{"self":[{"href":"https:\/\/www.sklepik.szkolasztutowo.pl\/index.php\/wp-json\/wp\/v2\/pages\/362","targetHints":{"allow":["GET"]}}],"collection":[{"href":"https:\/\/www.sklepik.szkolasztutowo.pl\/index.php\/wp-json\/wp\/v2\/pages"}],"about":[{"href":"https:\/\/www.sklepik.szkolasztutowo.pl\/index.php\/wp-json\/wp\/v2\/types\/page"}],"author":[{"embeddable":true,"href":"https:\/\/www.sklepik.szkolasztutowo.pl\/index.php\/wp-json\/wp\/v2\/users\/1"}],"replies":[{"embeddable":true,"href":"https:\/\/www.sklepik.szkolasztutowo.pl\/index.php\/wp-json\/wp\/v2\/comments?post=362"}],"version-history":[{"count":15,"href":"https:\/\/www.sklepik.szkolasztutowo.pl\/index.php\/wp-json\/wp\/v2\/pages\/362\/revisions"}],"predecessor-version":[{"id":661,"href":"https:\/\/www.sklepik.szkolasztutowo.pl\/index.php\/wp-json\/wp\/v2\/pages\/362\/revisions\/661"}],"wp:attachment":[{"href":"https:\/\/www.sklepik.szkolasztutowo.pl\/index.php\/wp-json\/wp\/v2\/media?parent=362"}],"curies":[{"name":"wp","href":"https:\/\/api.w.org\/{rel}","templated":true}]}}